{"id":545449,"date":"2024-11-14T20:01:17","date_gmt":"2024-11-14T19:01:17","guid":{"rendered":"https:\/\/tilefly.com\/producto\/rambla-ash-20x60\/"},"modified":"2024-11-14T20:28:16","modified_gmt":"2024-11-14T19:28:16","slug":"rambla-ash-20x60","status":"publish","type":"product","link":"https:\/\/tilefly.com\/de\/produkt\/rambla-ash-20x60\/","title":{"rendered":"RAMBLA ASH 20X60"},"content":{"rendered":"<h2><strong>ASCHE WADI 20X60<\/strong><\/h2><p>Die <em>Rambla Ash 20X60<\/em> ist eine graue Wandfliese, die die N\u00fcchternheit und Eleganz von Barcelona vermittelt. Mit ihrer matten Oberfl\u00e4che und dem Stil einer Zementimitation passt diese rote Fliese perfekt in moderne und minimalistische R\u00e4ume und sorgt f\u00fcr eine ruhige Atmosph\u00e4re. <\/p><p>Sein Grauton verleiht ihm Tiefe und Raffinesse, ideal f\u00fcr alle, die ein zeitloses, urbanes Design suchen. Inspiriert von der Essenz Barcelonas und seiner einzigartigen Architektur, ist <em>Rambla Ash<\/em> Teil einer Serie, die das urbane Leben mit einem k\u00fcnstlerischen Touch ehrt. Erfahren Sie mehr \u00fcber die <a href=\"https:\/\/tilefly.com\/producto\/rambla\/\">Rambla-Serie<\/a>.  <\/p>","protected":false},"excerpt":{"rendered":"<p>ASCHE WADI 20X60Die Rambla Ash 20X60 ist eine graue Wandfliese, die die N\u00fcchternheit und Eleganz von Barcelona vermittelt. Mit ihrer matten Oberfl\u00e4che und dem Stil einer Zementimitation passt diese rote Fliese perfekt in moderne und minimalistische R\u00e4ume und sorgt f\u00fcr eine ruhige Atmosph\u00e4re. Sein Grauton verleiht ihm Tiefe und Raffinesse, ideal f\u00fcr alle, die ein [&hellip;]<\/p>\n","protected":false},"featured_media":544102,"comment_status":"open","ping_status":"closed","template":"","meta":[],"product_brand":[],"product_cat":[457,458,459],"product_tag":[],"class_list":{"0":"post-545449","1":"product","2":"type-product","3":"status-publish","4":"has-post-thumbnail","6":"product_cat-badezimmer","7":"product_cat-kuchen","8":"product_cat-wandfliesen","10":"first","11":"instock","12":"shipping-taxable","13":"purchasable","14":"product-type-simple"},"_links":{"self":[{"href":"https:\/\/tilefly.com\/de\/wp-json\/wp\/v2\/product\/545449","targetHints":{"allow":["GET"]}}],"collection":[{"href":"https:\/\/tilefly.com\/de\/wp-json\/wp\/v2\/product"}],"about":[{"href":"https:\/\/tilefly.com\/de\/wp-json\/wp\/v2\/types\/product"}],"replies":[{"embeddable":true,"href":"https:\/\/tilefly.com\/de\/wp-json\/wp\/v2\/comments?post=545449"}],"wp:featuredmedia":[{"embeddable":true,"href":"https:\/\/tilefly.com\/de\/wp-json\/wp\/v2\/media\/544102"}],"wp:attachment":[{"href":"https:\/\/tilefly.com\/de\/wp-json\/wp\/v2\/media?parent=545449"}],"wp:term":[{"taxonomy":"product_brand","embeddable":true,"href":"https:\/\/tilefly.com\/de\/wp-json\/wp\/v2\/product_brand?post=545449"},{"taxonomy":"product_cat","embeddable":true,"href":"https:\/\/tilefly.com\/de\/wp-json\/wp\/v2\/product_cat?post=545449"},{"taxonomy":"product_tag","embeddable":true,"href":"https:\/\/tilefly.com\/de\/wp-json\/wp\/v2\/product_tag?post=545449"}],"curies":[{"name":"wp","href":"https:\/\/api.w.org\/{rel}","templated":true}]}}