{"id":545442,"date":"2024-11-14T20:01:20","date_gmt":"2024-11-14T19:01:20","guid":{"rendered":"https:\/\/tilefly.com\/producto\/rambla-taupe-20x60\/"},"modified":"2024-11-14T20:28:13","modified_gmt":"2024-11-14T19:28:13","slug":"rambla-taupe-20x60","status":"publish","type":"product","link":"https:\/\/tilefly.com\/de\/produkt\/rambla-taupe-20x60\/","title":{"rendered":"RAMBLA TAUPE 20X60"},"content":{"rendered":"<h2><strong>RAMBLA TAUPE 20X60<\/strong><\/h2><p>Die W\u00e4rme von <em>Rambla Taupe 20X60<\/em> verwandelt jeden Raum in eine Oase von Komfort und Stil. Diese Wandfliese in Braunt\u00f6nen f\u00e4ngt die Essenz der Stra\u00dfen Barcelonas ein, mit einer matten Oberfl\u00e4che, die den W\u00e4nden einen weichen und eleganten Touch verleiht. Die Zementimitation in rotem Kleister ist perfekt, um eine nat\u00fcrliche und gem\u00fctliche Atmosph\u00e4re zu schaffen.  <\/p><p><em>Rambla Taupe<\/em> ist ideal f\u00fcr R\u00e4ume, die ein authentisches Design suchen. Es verbindet die Harmonie der Stadt mit der \u00c4sthetik von Beton. Erwecken Sie Ihren Raum mit diesem St\u00fcck zum Leben und entdecken Sie die <a href=\"https:\/\/tilefly.com\/producto\/rambla\/\">Rambla Kollektion<\/a> f\u00fcr weitere inspirierende Optionen. <\/p>","protected":false},"excerpt":{"rendered":"<p>RAMBLA TAUPE 20X60Die W\u00e4rme von Rambla Taupe 20X60 verwandelt jeden Raum in eine Oase von Komfort und Stil. Diese Wandfliese in Braunt\u00f6nen f\u00e4ngt die Essenz der Stra\u00dfen Barcelonas ein, mit einer matten Oberfl\u00e4che, die den W\u00e4nden einen weichen und eleganten Touch verleiht. Die Zementimitation in rotem Kleister ist perfekt, um eine nat\u00fcrliche und gem\u00fctliche Atmosph\u00e4re [&hellip;]<\/p>\n","protected":false},"featured_media":544115,"comment_status":"open","ping_status":"closed","template":"","meta":[],"product_brand":[],"product_cat":[457,458,459],"product_tag":[],"class_list":{"0":"post-545442","1":"product","2":"type-product","3":"status-publish","4":"has-post-thumbnail","6":"product_cat-badezimmer","7":"product_cat-kuchen","8":"product_cat-wandfliesen","10":"first","11":"instock","12":"shipping-taxable","13":"purchasable","14":"product-type-simple"},"_links":{"self":[{"href":"https:\/\/tilefly.com\/de\/wp-json\/wp\/v2\/product\/545442","targetHints":{"allow":["GET"]}}],"collection":[{"href":"https:\/\/tilefly.com\/de\/wp-json\/wp\/v2\/product"}],"about":[{"href":"https:\/\/tilefly.com\/de\/wp-json\/wp\/v2\/types\/product"}],"replies":[{"embeddable":true,"href":"https:\/\/tilefly.com\/de\/wp-json\/wp\/v2\/comments?post=545442"}],"wp:featuredmedia":[{"embeddable":true,"href":"https:\/\/tilefly.com\/de\/wp-json\/wp\/v2\/media\/544115"}],"wp:attachment":[{"href":"https:\/\/tilefly.com\/de\/wp-json\/wp\/v2\/media?parent=545442"}],"wp:term":[{"taxonomy":"product_brand","embeddable":true,"href":"https:\/\/tilefly.com\/de\/wp-json\/wp\/v2\/product_brand?post=545442"},{"taxonomy":"product_cat","embeddable":true,"href":"https:\/\/tilefly.com\/de\/wp-json\/wp\/v2\/product_cat?post=545442"},{"taxonomy":"product_tag","embeddable":true,"href":"https:\/\/tilefly.com\/de\/wp-json\/wp\/v2\/product_tag?post=545442"}],"curies":[{"name":"wp","href":"https:\/\/api.w.org\/{rel}","templated":true}]}}