{"id":545438,"date":"2024-11-14T20:09:56","date_gmt":"2024-11-14T19:09:56","guid":{"rendered":"https:\/\/tilefly.com\/producto\/reality-smoke-75x30\/"},"modified":"2024-11-14T20:27:38","modified_gmt":"2024-11-14T19:27:38","slug":"reality-smoke-75x30","status":"publish","type":"product","link":"https:\/\/tilefly.com\/de\/produkt\/reality-smoke-75x30\/","title":{"rendered":"REALITY SMOKE 7,5X30"},"content":{"rendered":"<h2><strong>REALIT\u00c4T RAUCH 7,5X30<\/strong><\/h2><p>Die <em>Reality Smoke 7,5X30<\/em> im Farbton smoke ist eine dekorative Wandfliese, die sich durch ihre elegante gl\u00e4nzende Oberfl\u00e4che und ihr wei\u00dfes Pastendesign auszeichnet. Sie ist ideal, um ein raffiniertes Ambiente zu schaffen und eignet sich perfekt f\u00fcr alle, die einen modernen Stil mit einem Hauch von Tiefe suchen. <\/p><p>Entdecken Sie, wie dieses St\u00fcck Ihre R\u00e4ume in der <a href=\"https:\/\/tilefly.com\/producto\/reality\/\">Reality Series<\/a>, einer Kollektion f\u00fcr zeitgen\u00f6ssisches Design, verwandeln kann.<\/p>","protected":false},"excerpt":{"rendered":"<p>REALIT\u00c4T RAUCH 7,5X30Die Reality Smoke 7,5X30 im Farbton smoke ist eine dekorative Wandfliese, die sich durch ihre elegante gl\u00e4nzende Oberfl\u00e4che und ihr wei\u00dfes Pastendesign auszeichnet. Sie ist ideal, um ein raffiniertes Ambiente zu schaffen und eignet sich perfekt f\u00fcr alle, die einen modernen Stil mit einem Hauch von Tiefe suchen. Entdecken Sie, wie dieses St\u00fcck [&hellip;]<\/p>\n","protected":false},"featured_media":544676,"comment_status":"open","ping_status":"closed","template":"","meta":[],"product_brand":[],"product_cat":[457,458,459],"product_tag":[],"class_list":{"0":"post-545438","1":"product","2":"type-product","3":"status-publish","4":"has-post-thumbnail","6":"product_cat-badezimmer","7":"product_cat-kuchen","8":"product_cat-wandfliesen","10":"first","11":"outofstock","12":"shipping-taxable","13":"purchasable","14":"product-type-simple"},"_links":{"self":[{"href":"https:\/\/tilefly.com\/de\/wp-json\/wp\/v2\/product\/545438","targetHints":{"allow":["GET"]}}],"collection":[{"href":"https:\/\/tilefly.com\/de\/wp-json\/wp\/v2\/product"}],"about":[{"href":"https:\/\/tilefly.com\/de\/wp-json\/wp\/v2\/types\/product"}],"replies":[{"embeddable":true,"href":"https:\/\/tilefly.com\/de\/wp-json\/wp\/v2\/comments?post=545438"}],"wp:featuredmedia":[{"embeddable":true,"href":"https:\/\/tilefly.com\/de\/wp-json\/wp\/v2\/media\/544676"}],"wp:attachment":[{"href":"https:\/\/tilefly.com\/de\/wp-json\/wp\/v2\/media?parent=545438"}],"wp:term":[{"taxonomy":"product_brand","embeddable":true,"href":"https:\/\/tilefly.com\/de\/wp-json\/wp\/v2\/product_brand?post=545438"},{"taxonomy":"product_cat","embeddable":true,"href":"https:\/\/tilefly.com\/de\/wp-json\/wp\/v2\/product_cat?post=545438"},{"taxonomy":"product_tag","embeddable":true,"href":"https:\/\/tilefly.com\/de\/wp-json\/wp\/v2\/product_tag?post=545438"}],"curies":[{"name":"wp","href":"https:\/\/api.w.org\/{rel}","templated":true}]}}