{"id":545436,"date":"2024-11-14T20:09:36","date_gmt":"2024-11-14T19:09:36","guid":{"rendered":"https:\/\/tilefly.com\/producto\/reality-wind-75x30\/"},"modified":"2024-11-14T20:27:37","modified_gmt":"2024-11-14T19:27:37","slug":"reality-wind-75x30","status":"publish","type":"product","link":"https:\/\/tilefly.com\/de\/produkt\/reality-wind-75x30\/","title":{"rendered":"REALITY WIND 7,5X30"},"content":{"rendered":"<h2><strong>REALIT\u00c4T WIND 7,5X30<\/strong><\/h2><p><em>Reality Wind 7,5X30<\/em> in Beige ist eine dekorative Wandfliese mit gl\u00e4nzender Oberfl\u00e4che, ideal, um Innenr\u00e4umen einen warmen und raffinierten Touch zu verleihen. Ihr wei\u00dfes Pastendesign und das Meterformat verleihen ihr eine moderne \u00c4sthetik mit klassischem Charme. <\/p><p>Erkunden Sie die <a href=\"https:\/\/tilefly.com\/producto\/reality\/\">Reality Series<\/a> und entdecken Sie, wie dieses Design Ihre R\u00e4ume mit seiner Eleganz und seinem Volumen verwandeln kann.<\/p>","protected":false},"excerpt":{"rendered":"<p>REALIT\u00c4T WIND 7,5X30Reality Wind 7,5X30 in Beige ist eine dekorative Wandfliese mit gl\u00e4nzender Oberfl\u00e4che, ideal, um Innenr\u00e4umen einen warmen und raffinierten Touch zu verleihen. Ihr wei\u00dfes Pastendesign und das Meterformat verleihen ihr eine moderne \u00c4sthetik mit klassischem Charme. Erkunden Sie die Reality Series und entdecken Sie, wie dieses Design Ihre R\u00e4ume mit seiner Eleganz und [&hellip;]<\/p>\n","protected":false},"featured_media":544650,"comment_status":"open","ping_status":"closed","template":"","meta":[],"product_brand":[],"product_cat":[457,458,459],"product_tag":[],"class_list":{"0":"post-545436","1":"product","2":"type-product","3":"status-publish","4":"has-post-thumbnail","6":"product_cat-badezimmer","7":"product_cat-kuchen","8":"product_cat-wandfliesen","10":"first","11":"instock","12":"shipping-taxable","13":"purchasable","14":"product-type-simple"},"_links":{"self":[{"href":"https:\/\/tilefly.com\/de\/wp-json\/wp\/v2\/product\/545436","targetHints":{"allow":["GET"]}}],"collection":[{"href":"https:\/\/tilefly.com\/de\/wp-json\/wp\/v2\/product"}],"about":[{"href":"https:\/\/tilefly.com\/de\/wp-json\/wp\/v2\/types\/product"}],"replies":[{"embeddable":true,"href":"https:\/\/tilefly.com\/de\/wp-json\/wp\/v2\/comments?post=545436"}],"wp:featuredmedia":[{"embeddable":true,"href":"https:\/\/tilefly.com\/de\/wp-json\/wp\/v2\/media\/544650"}],"wp:attachment":[{"href":"https:\/\/tilefly.com\/de\/wp-json\/wp\/v2\/media?parent=545436"}],"wp:term":[{"taxonomy":"product_brand","embeddable":true,"href":"https:\/\/tilefly.com\/de\/wp-json\/wp\/v2\/product_brand?post=545436"},{"taxonomy":"product_cat","embeddable":true,"href":"https:\/\/tilefly.com\/de\/wp-json\/wp\/v2\/product_cat?post=545436"},{"taxonomy":"product_tag","embeddable":true,"href":"https:\/\/tilefly.com\/de\/wp-json\/wp\/v2\/product_tag?post=545436"}],"curies":[{"name":"wp","href":"https:\/\/api.w.org\/{rel}","templated":true}]}}