{"id":545433,"date":"2024-11-14T20:09:42","date_gmt":"2024-11-14T19:09:42","guid":{"rendered":"https:\/\/tilefly.com\/producto\/reality-sahara-75x30\/"},"modified":"2024-11-14T20:27:35","modified_gmt":"2024-11-14T19:27:35","slug":"reality-sahara-75x30","status":"publish","type":"product","link":"https:\/\/tilefly.com\/de\/produkt\/reality-sahara-75x30\/","title":{"rendered":"REALITY SAHARA 7,5X30"},"content":{"rendered":"<h2><strong>REALIT\u00c4T SAHARA 7,5X30<\/strong><\/h2><p>Der <em>Reality Sahara 7,5X30<\/em> in Gelb ist ein leuchtend wei\u00dfer Wandbelag aus Paste, der einen Hauch von W\u00e4rme und Energie in R\u00e4ume bringt. Mit seinem kleinen Format und seinem dekorativen Design verleiht er jeder Wand Pers\u00f6nlichkeit und einen modernen Stil. <\/p><p>Diese unterirdische Fliese aus der <a href=\"https:\/\/tilefly.com\/producto\/reality\/\">Reality-Serie<\/a> ist ideal, um lebendige und einzigartige Kombinationen zu schaffen.<\/p>","protected":false},"excerpt":{"rendered":"<p>REALIT\u00c4T SAHARA 7,5X30Der Reality Sahara 7,5X30 in Gelb ist ein leuchtend wei\u00dfer Wandbelag aus Paste, der einen Hauch von W\u00e4rme und Energie in R\u00e4ume bringt. Mit seinem kleinen Format und seinem dekorativen Design verleiht er jeder Wand Pers\u00f6nlichkeit und einen modernen Stil. Diese unterirdische Fliese aus der Reality-Serie ist ideal, um lebendige und einzigartige Kombinationen [&hellip;]<\/p>\n","protected":false},"featured_media":544663,"comment_status":"open","ping_status":"closed","template":"","meta":[],"product_brand":[],"product_cat":[457,458,459],"product_tag":[],"class_list":{"0":"post-545433","1":"product","2":"type-product","3":"status-publish","4":"has-post-thumbnail","6":"product_cat-badezimmer","7":"product_cat-kuchen","8":"product_cat-wandfliesen","10":"first","11":"outofstock","12":"shipping-taxable","13":"purchasable","14":"product-type-simple"},"_links":{"self":[{"href":"https:\/\/tilefly.com\/de\/wp-json\/wp\/v2\/product\/545433","targetHints":{"allow":["GET"]}}],"collection":[{"href":"https:\/\/tilefly.com\/de\/wp-json\/wp\/v2\/product"}],"about":[{"href":"https:\/\/tilefly.com\/de\/wp-json\/wp\/v2\/types\/product"}],"replies":[{"embeddable":true,"href":"https:\/\/tilefly.com\/de\/wp-json\/wp\/v2\/comments?post=545433"}],"wp:featuredmedia":[{"embeddable":true,"href":"https:\/\/tilefly.com\/de\/wp-json\/wp\/v2\/media\/544663"}],"wp:attachment":[{"href":"https:\/\/tilefly.com\/de\/wp-json\/wp\/v2\/media?parent=545433"}],"wp:term":[{"taxonomy":"product_brand","embeddable":true,"href":"https:\/\/tilefly.com\/de\/wp-json\/wp\/v2\/product_brand?post=545433"},{"taxonomy":"product_cat","embeddable":true,"href":"https:\/\/tilefly.com\/de\/wp-json\/wp\/v2\/product_cat?post=545433"},{"taxonomy":"product_tag","embeddable":true,"href":"https:\/\/tilefly.com\/de\/wp-json\/wp\/v2\/product_tag?post=545433"}],"curies":[{"name":"wp","href":"https:\/\/api.w.org\/{rel}","templated":true}]}}