{"id":545431,"date":"2024-11-14T20:09:11","date_gmt":"2024-11-14T19:09:11","guid":{"rendered":"https:\/\/tilefly.com\/producto\/reality-snow-75x30\/"},"modified":"2024-11-14T20:27:30","modified_gmt":"2024-11-14T19:27:30","slug":"reality-snow-75x30","status":"publish","type":"product","link":"https:\/\/tilefly.com\/de\/produkt\/reality-snow-75x30\/","title":{"rendered":"REALITY SNOW 7,5X30"},"content":{"rendered":"<h2><strong>REALIT\u00c4T SCHNEE 7,5X30<\/strong><\/h2><p>Die <em>Reality Snow 7,5X30<\/em> im Schneeton ist eine gl\u00e4nzend wei\u00dfe, k\u00f6rperhafte Wandfliese, die durch ihre Eleganz und ihren dekorativen Stil besticht. Dieses kleinformatige St\u00fcck verleiht R\u00e4umen Licht und Ger\u00e4umigkeit und ist damit ideal f\u00fcr Innenr\u00e4ume, die eine moderne und zeitlose \u00c4sthetik suchen. <\/p><p>Diese Metrofliese aus der <a href=\"https:\/\/tilefly.com\/producto\/reality\/\">Reality-Serie<\/a> eignet sich perfekt zum Kombinieren und um einen einzigartigen Effekt an Ihren W\u00e4nden zu erzielen.<\/p>","protected":false},"excerpt":{"rendered":"<p>REALIT\u00c4T SCHNEE 7,5X30Die Reality Snow 7,5X30 im Schneeton ist eine gl\u00e4nzend wei\u00dfe, k\u00f6rperhafte Wandfliese, die durch ihre Eleganz und ihren dekorativen Stil besticht. Dieses kleinformatige St\u00fcck verleiht R\u00e4umen Licht und Ger\u00e4umigkeit und ist damit ideal f\u00fcr Innenr\u00e4ume, die eine moderne und zeitlose \u00c4sthetik suchen. Diese Metrofliese aus der Reality-Serie eignet sich perfekt zum Kombinieren und [&hellip;]<\/p>\n","protected":false},"featured_media":544611,"comment_status":"open","ping_status":"closed","template":"","meta":[],"product_brand":[],"product_cat":[457,458,459],"product_tag":[],"class_list":{"0":"post-545431","1":"product","2":"type-product","3":"status-publish","4":"has-post-thumbnail","6":"product_cat-badezimmer","7":"product_cat-kuchen","8":"product_cat-wandfliesen","10":"first","11":"instock","12":"shipping-taxable","13":"purchasable","14":"product-type-simple"},"_links":{"self":[{"href":"https:\/\/tilefly.com\/de\/wp-json\/wp\/v2\/product\/545431","targetHints":{"allow":["GET"]}}],"collection":[{"href":"https:\/\/tilefly.com\/de\/wp-json\/wp\/v2\/product"}],"about":[{"href":"https:\/\/tilefly.com\/de\/wp-json\/wp\/v2\/types\/product"}],"replies":[{"embeddable":true,"href":"https:\/\/tilefly.com\/de\/wp-json\/wp\/v2\/comments?post=545431"}],"wp:featuredmedia":[{"embeddable":true,"href":"https:\/\/tilefly.com\/de\/wp-json\/wp\/v2\/media\/544611"}],"wp:attachment":[{"href":"https:\/\/tilefly.com\/de\/wp-json\/wp\/v2\/media?parent=545431"}],"wp:term":[{"taxonomy":"product_brand","embeddable":true,"href":"https:\/\/tilefly.com\/de\/wp-json\/wp\/v2\/product_brand?post=545431"},{"taxonomy":"product_cat","embeddable":true,"href":"https:\/\/tilefly.com\/de\/wp-json\/wp\/v2\/product_cat?post=545431"},{"taxonomy":"product_tag","embeddable":true,"href":"https:\/\/tilefly.com\/de\/wp-json\/wp\/v2\/product_tag?post=545431"}],"curies":[{"name":"wp","href":"https:\/\/api.w.org\/{rel}","templated":true}]}}