{"id":545430,"date":"2024-11-14T20:09:32","date_gmt":"2024-11-14T19:09:32","guid":{"rendered":"https:\/\/tilefly.com\/producto\/reality-acqua-75x30\/"},"modified":"2024-11-14T20:27:29","modified_gmt":"2024-11-14T19:27:29","slug":"reality-acqua-75x30","status":"publish","type":"product","link":"https:\/\/tilefly.com\/de\/produkt\/reality-acqua-75x30\/","title":{"rendered":"REALITY ACQUA 7,5X30"},"content":{"rendered":"<h2><strong>REALIT\u00c4T ACQUA 7,5X30<\/strong><\/h2><p><em>Reality Acqua 7,5X30<\/em> ist eine aquafarbene Wandfliese mit einer gl\u00e4nzenden Oberfl\u00e4che, die die Frische und Modernit\u00e4t von R\u00e4umen unterstreicht. Mit ihrem wei\u00dfen Pastendesign und den dekorativen Effekten eignet sie sich perfekt, um eine dynamische und elegante Atmosph\u00e4re zu schaffen. <\/p><p>Als Teil der <a href=\"https:\/\/tilefly.com\/producto\/reality\/\">Reality Series<\/a> bietet diese Fliese einen vielseitigen Vorschlag, der perfekt zu jedem modernen Dekor passt.<\/p>","protected":false},"excerpt":{"rendered":"<p>REALIT\u00c4T ACQUA 7,5X30Reality Acqua 7,5X30 ist eine aquafarbene Wandfliese mit einer gl\u00e4nzenden Oberfl\u00e4che, die die Frische und Modernit\u00e4t von R\u00e4umen unterstreicht. Mit ihrem wei\u00dfen Pastendesign und den dekorativen Effekten eignet sie sich perfekt, um eine dynamische und elegante Atmosph\u00e4re zu schaffen. Als Teil der Reality Series bietet diese Fliese einen vielseitigen Vorschlag, der perfekt zu [&hellip;]<\/p>\n","protected":false},"featured_media":544637,"comment_status":"open","ping_status":"closed","template":"","meta":[],"product_brand":[],"product_cat":[457,458,459],"product_tag":[],"class_list":{"0":"post-545430","1":"product","2":"type-product","3":"status-publish","4":"has-post-thumbnail","6":"product_cat-badezimmer","7":"product_cat-kuchen","8":"product_cat-wandfliesen","10":"first","11":"instock","12":"shipping-taxable","13":"purchasable","14":"product-type-simple"},"_links":{"self":[{"href":"https:\/\/tilefly.com\/de\/wp-json\/wp\/v2\/product\/545430","targetHints":{"allow":["GET"]}}],"collection":[{"href":"https:\/\/tilefly.com\/de\/wp-json\/wp\/v2\/product"}],"about":[{"href":"https:\/\/tilefly.com\/de\/wp-json\/wp\/v2\/types\/product"}],"replies":[{"embeddable":true,"href":"https:\/\/tilefly.com\/de\/wp-json\/wp\/v2\/comments?post=545430"}],"wp:featuredmedia":[{"embeddable":true,"href":"https:\/\/tilefly.com\/de\/wp-json\/wp\/v2\/media\/544637"}],"wp:attachment":[{"href":"https:\/\/tilefly.com\/de\/wp-json\/wp\/v2\/media?parent=545430"}],"wp:term":[{"taxonomy":"product_brand","embeddable":true,"href":"https:\/\/tilefly.com\/de\/wp-json\/wp\/v2\/product_brand?post=545430"},{"taxonomy":"product_cat","embeddable":true,"href":"https:\/\/tilefly.com\/de\/wp-json\/wp\/v2\/product_cat?post=545430"},{"taxonomy":"product_tag","embeddable":true,"href":"https:\/\/tilefly.com\/de\/wp-json\/wp\/v2\/product_tag?post=545430"}],"curies":[{"name":"wp","href":"https:\/\/api.w.org\/{rel}","templated":true}]}}