{"id":545426,"date":"2024-11-14T20:09:24","date_gmt":"2024-11-14T19:09:24","guid":{"rendered":"https:\/\/tilefly.com\/producto\/reality-night-75x30\/"},"modified":"2024-11-14T20:27:27","modified_gmt":"2024-11-14T19:27:27","slug":"reality-night-75x30","status":"publish","type":"product","link":"https:\/\/tilefly.com\/de\/produkt\/reality-night-75x30\/","title":{"rendered":"REALITY NIGHT 7,5X30"},"content":{"rendered":"<h2><strong>REALIT\u00c4T NACHT 7,5X30<\/strong><\/h2><p><em>Reality Night 7,5X30<\/em> in Grau ist eine gl\u00e4nzend wei\u00dfe, k\u00f6rperhafte Wandfliese, die N\u00fcchternheit und Eleganz in jeden Raum bringt. Ihr dekoratives Design mit Volumen verleiht ihr einen raffinierten und modernen Touch, perfekt f\u00fcr diejenigen, die einen zeitgen\u00f6ssischen Stil suchen. <\/p><p>Erfahren Sie mehr \u00fcber die <a href=\"https:\/\/tilefly.com\/producto\/reality\/\">Reality Series<\/a> und lassen Sie sich inspirieren, wie Sie Ihre R\u00e4ume mit diesem einzigartigen St\u00fcck umgestalten k\u00f6nnen.<\/p>","protected":false},"excerpt":{"rendered":"<p>REALIT\u00c4T NACHT 7,5X30Reality Night 7,5X30 in Grau ist eine gl\u00e4nzend wei\u00dfe, k\u00f6rperhafte Wandfliese, die N\u00fcchternheit und Eleganz in jeden Raum bringt. Ihr dekoratives Design mit Volumen verleiht ihr einen raffinierten und modernen Touch, perfekt f\u00fcr diejenigen, die einen zeitgen\u00f6ssischen Stil suchen. Erfahren Sie mehr \u00fcber die Reality Series und lassen Sie sich inspirieren, wie Sie [&hellip;]<\/p>\n","protected":false},"featured_media":544624,"comment_status":"open","ping_status":"closed","template":"","meta":[],"product_brand":[],"product_cat":[457,458,459],"product_tag":[],"class_list":{"0":"post-545426","1":"product","2":"type-product","3":"status-publish","4":"has-post-thumbnail","6":"product_cat-badezimmer","7":"product_cat-kuchen","8":"product_cat-wandfliesen","10":"first","11":"instock","12":"shipping-taxable","13":"purchasable","14":"product-type-simple"},"_links":{"self":[{"href":"https:\/\/tilefly.com\/de\/wp-json\/wp\/v2\/product\/545426","targetHints":{"allow":["GET"]}}],"collection":[{"href":"https:\/\/tilefly.com\/de\/wp-json\/wp\/v2\/product"}],"about":[{"href":"https:\/\/tilefly.com\/de\/wp-json\/wp\/v2\/types\/product"}],"replies":[{"embeddable":true,"href":"https:\/\/tilefly.com\/de\/wp-json\/wp\/v2\/comments?post=545426"}],"wp:featuredmedia":[{"embeddable":true,"href":"https:\/\/tilefly.com\/de\/wp-json\/wp\/v2\/media\/544624"}],"wp:attachment":[{"href":"https:\/\/tilefly.com\/de\/wp-json\/wp\/v2\/media?parent=545426"}],"wp:term":[{"taxonomy":"product_brand","embeddable":true,"href":"https:\/\/tilefly.com\/de\/wp-json\/wp\/v2\/product_brand?post=545426"},{"taxonomy":"product_cat","embeddable":true,"href":"https:\/\/tilefly.com\/de\/wp-json\/wp\/v2\/product_cat?post=545426"},{"taxonomy":"product_tag","embeddable":true,"href":"https:\/\/tilefly.com\/de\/wp-json\/wp\/v2\/product_tag?post=545426"}],"curies":[{"name":"wp","href":"https:\/\/api.w.org\/{rel}","templated":true}]}}