{"id":545424,"date":"2024-11-14T20:08:50","date_gmt":"2024-11-14T19:08:50","guid":{"rendered":"https:\/\/tilefly.com\/producto\/reality-palm-75x30\/"},"modified":"2024-11-14T20:27:25","modified_gmt":"2024-11-14T19:27:25","slug":"reality-palm-75x30","status":"publish","type":"product","link":"https:\/\/tilefly.com\/de\/produkt\/reality-palm-75x30\/","title":{"rendered":"REALITY PALM 7,5X30"},"content":{"rendered":"<h2><strong>REALIT\u00c4T PALME 7,5X30<\/strong><\/h2><p>Die <em>Reality Palm 7,5X30<\/em> ist eine wei\u00dfe pastellgr\u00fcne Wandfliese mit einer gl\u00e4nzenden Oberfl\u00e4che, die Frische und Eleganz in jeden Raum bringt. Mit ihrem dekorativen Design und den volumetrischen Effekten ist diese Fliese perfekt f\u00fcr alle, die einen einzigartigen und modernen Stil suchen. <\/p><p>Entdecken Sie, wie dieses St\u00fcck Ihre W\u00e4nde verwandeln kann und entdecken Sie die <a href=\"https:\/\/tilefly.com\/producto\/reality\/\">Reality Serie<\/a> f\u00fcr weitere Farb- und Strukturoptionen.<\/p>","protected":false},"excerpt":{"rendered":"<p>REALIT\u00c4T PALME 7,5X30Die Reality Palm 7,5X30 ist eine wei\u00dfe pastellgr\u00fcne Wandfliese mit einer gl\u00e4nzenden Oberfl\u00e4che, die Frische und Eleganz in jeden Raum bringt. Mit ihrem dekorativen Design und den volumetrischen Effekten ist diese Fliese perfekt f\u00fcr alle, die einen einzigartigen und modernen Stil suchen. Entdecken Sie, wie dieses St\u00fcck Ihre W\u00e4nde verwandeln kann und entdecken [&hellip;]<\/p>\n","protected":false},"featured_media":544598,"comment_status":"open","ping_status":"closed","template":"","meta":[],"product_brand":[],"product_cat":[457,458,459],"product_tag":[],"class_list":{"0":"post-545424","1":"product","2":"type-product","3":"status-publish","4":"has-post-thumbnail","6":"product_cat-badezimmer","7":"product_cat-kuchen","8":"product_cat-wandfliesen","10":"first","11":"instock","12":"shipping-taxable","13":"purchasable","14":"product-type-simple"},"_links":{"self":[{"href":"https:\/\/tilefly.com\/de\/wp-json\/wp\/v2\/product\/545424","targetHints":{"allow":["GET"]}}],"collection":[{"href":"https:\/\/tilefly.com\/de\/wp-json\/wp\/v2\/product"}],"about":[{"href":"https:\/\/tilefly.com\/de\/wp-json\/wp\/v2\/types\/product"}],"replies":[{"embeddable":true,"href":"https:\/\/tilefly.com\/de\/wp-json\/wp\/v2\/comments?post=545424"}],"wp:featuredmedia":[{"embeddable":true,"href":"https:\/\/tilefly.com\/de\/wp-json\/wp\/v2\/media\/544598"}],"wp:attachment":[{"href":"https:\/\/tilefly.com\/de\/wp-json\/wp\/v2\/media?parent=545424"}],"wp:term":[{"taxonomy":"product_brand","embeddable":true,"href":"https:\/\/tilefly.com\/de\/wp-json\/wp\/v2\/product_brand?post=545424"},{"taxonomy":"product_cat","embeddable":true,"href":"https:\/\/tilefly.com\/de\/wp-json\/wp\/v2\/product_cat?post=545424"},{"taxonomy":"product_tag","embeddable":true,"href":"https:\/\/tilefly.com\/de\/wp-json\/wp\/v2\/product_tag?post=545424"}],"curies":[{"name":"wp","href":"https:\/\/api.w.org\/{rel}","templated":true}]}}