{"id":545418,"date":"2024-11-14T20:08:39","date_gmt":"2024-11-14T19:08:39","guid":{"rendered":"https:\/\/tilefly.com\/producto\/reality-river-75x30\/"},"modified":"2024-11-14T20:27:20","modified_gmt":"2024-11-14T19:27:20","slug":"reality-river-75x30","status":"publish","type":"product","link":"https:\/\/tilefly.com\/de\/produkt\/reality-river-75x30\/","title":{"rendered":"REALITY RIVER 7,5X30"},"content":{"rendered":"<h2><strong>REALIT\u00c4T FLUSS 7,5X30<\/strong><\/h2><p>Die <em>Reality River 7,5X30<\/em> in Blau ist eine wei\u00dfe K\u00f6rperfliese, die durch ihre gl\u00e4nzende Oberfl\u00e4che und ihr dekoratives Design auff\u00e4llt. Inspiriert von der klassischen unterirdischen Fliese, verleiht dieses St\u00fcck mit seiner leuchtenden Farbe und den volumin\u00f6sen Details einen modernen Touch. <\/p><p>Perfekt f\u00fcr alle, die ihren R\u00e4umen einen Hauch von Frische und Modernit\u00e4t verleihen m\u00f6chten. Die <em>Reality River<\/em> l\u00e4sst sich hervorragend mit anderen St\u00fccken aus der <a href=\"https:\/\/tilefly.com\/producto\/reality\/\">Reality Serie<\/a> kombinieren, um ein umwerfendes Ergebnis zu erzielen.<\/p>","protected":false},"excerpt":{"rendered":"<p>REALIT\u00c4T FLUSS 7,5X30Die Reality River 7,5X30 in Blau ist eine wei\u00dfe K\u00f6rperfliese, die durch ihre gl\u00e4nzende Oberfl\u00e4che und ihr dekoratives Design auff\u00e4llt. Inspiriert von der klassischen unterirdischen Fliese, verleiht dieses St\u00fcck mit seiner leuchtenden Farbe und den volumin\u00f6sen Details einen modernen Touch. Perfekt f\u00fcr alle, die ihren R\u00e4umen einen Hauch von Frische und Modernit\u00e4t verleihen [&hellip;]<\/p>\n","protected":false},"featured_media":544585,"comment_status":"open","ping_status":"closed","template":"","meta":[],"product_brand":[],"product_cat":[457,458,459],"product_tag":[],"class_list":{"0":"post-545418","1":"product","2":"type-product","3":"status-publish","4":"has-post-thumbnail","6":"product_cat-badezimmer","7":"product_cat-kuchen","8":"product_cat-wandfliesen","10":"first","11":"instock","12":"shipping-taxable","13":"purchasable","14":"product-type-simple"},"_links":{"self":[{"href":"https:\/\/tilefly.com\/de\/wp-json\/wp\/v2\/product\/545418","targetHints":{"allow":["GET"]}}],"collection":[{"href":"https:\/\/tilefly.com\/de\/wp-json\/wp\/v2\/product"}],"about":[{"href":"https:\/\/tilefly.com\/de\/wp-json\/wp\/v2\/types\/product"}],"replies":[{"embeddable":true,"href":"https:\/\/tilefly.com\/de\/wp-json\/wp\/v2\/comments?post=545418"}],"wp:featuredmedia":[{"embeddable":true,"href":"https:\/\/tilefly.com\/de\/wp-json\/wp\/v2\/media\/544585"}],"wp:attachment":[{"href":"https:\/\/tilefly.com\/de\/wp-json\/wp\/v2\/media?parent=545418"}],"wp:term":[{"taxonomy":"product_brand","embeddable":true,"href":"https:\/\/tilefly.com\/de\/wp-json\/wp\/v2\/product_brand?post=545418"},{"taxonomy":"product_cat","embeddable":true,"href":"https:\/\/tilefly.com\/de\/wp-json\/wp\/v2\/product_cat?post=545418"},{"taxonomy":"product_tag","embeddable":true,"href":"https:\/\/tilefly.com\/de\/wp-json\/wp\/v2\/product_tag?post=545418"}],"curies":[{"name":"wp","href":"https:\/\/api.w.org\/{rel}","templated":true}]}}