{"id":545408,"date":"2024-11-14T20:19:22","date_gmt":"2024-11-14T19:19:22","guid":{"rendered":"https:\/\/tilefly.com\/producto\/reef-aquamarine-rect-120x120\/"},"modified":"2024-11-14T20:26:37","modified_gmt":"2024-11-14T19:26:37","slug":"reef-aquamarine-rect-120x120","status":"publish","type":"product","link":"https:\/\/tilefly.com\/de\/produkt\/reef-aquamarine-rect-120x120\/","title":{"rendered":"REEF AQUAMARINE RECT 120X120"},"content":{"rendered":"<h2><strong>RIFF AQUAMARIN REKT 120X120<\/strong><\/h2><p>Die <em>Reef Aquamarine Rect 120X120<\/em> ist eine Feinsteinzeugfliese in einem Aquaton, die einen frischen und modernen Akzent setzt. Mit seiner rutschfesten, matten Oberfl\u00e4che und dem Metalleffekt ist dieses Design ideal f\u00fcr stark frequentierte Bereiche oder R\u00e4ume, in denen Sicherheit gefragt ist, ohne auf Stil verzichten zu m\u00fcssen. <\/p><p>Als Teil der <a href=\"https:\/\/tilefly.com\/producto\/reef\/\">Reef-Serie<\/a> f\u00e4ngt dieses St\u00fcck die Essenz von Meereslandschaften ein und bringt Vitalit\u00e4t in Innenr\u00e4ume.<\/p>","protected":false},"excerpt":{"rendered":"<p>RIFF AQUAMARIN REKT 120X120Die Reef Aquamarine Rect 120X120 ist eine Feinsteinzeugfliese in einem Aquaton, die einen frischen und modernen Akzent setzt. Mit seiner rutschfesten, matten Oberfl\u00e4che und dem Metalleffekt ist dieses Design ideal f\u00fcr stark frequentierte Bereiche oder R\u00e4ume, in denen Sicherheit gefragt ist, ohne auf Stil verzichten zu m\u00fcssen. Als Teil der Reef-Serie f\u00e4ngt [&hellip;]<\/p>\n","protected":false},"featured_media":545314,"comment_status":"open","ping_status":"closed","template":"","meta":[],"product_brand":[],"product_cat":[457,458,456,459],"product_tag":[],"class_list":{"0":"post-545408","1":"product","2":"type-product","3":"status-publish","4":"has-post-thumbnail","6":"product_cat-badezimmer","7":"product_cat-kuchen","8":"product_cat-vohnzimmer","9":"product_cat-wandfliesen","11":"first","12":"instock","13":"shipping-taxable","14":"purchasable","15":"product-type-simple"},"_links":{"self":[{"href":"https:\/\/tilefly.com\/de\/wp-json\/wp\/v2\/product\/545408","targetHints":{"allow":["GET"]}}],"collection":[{"href":"https:\/\/tilefly.com\/de\/wp-json\/wp\/v2\/product"}],"about":[{"href":"https:\/\/tilefly.com\/de\/wp-json\/wp\/v2\/types\/product"}],"replies":[{"embeddable":true,"href":"https:\/\/tilefly.com\/de\/wp-json\/wp\/v2\/comments?post=545408"}],"wp:featuredmedia":[{"embeddable":true,"href":"https:\/\/tilefly.com\/de\/wp-json\/wp\/v2\/media\/545314"}],"wp:attachment":[{"href":"https:\/\/tilefly.com\/de\/wp-json\/wp\/v2\/media?parent=545408"}],"wp:term":[{"taxonomy":"product_brand","embeddable":true,"href":"https:\/\/tilefly.com\/de\/wp-json\/wp\/v2\/product_brand?post=545408"},{"taxonomy":"product_cat","embeddable":true,"href":"https:\/\/tilefly.com\/de\/wp-json\/wp\/v2\/product_cat?post=545408"},{"taxonomy":"product_tag","embeddable":true,"href":"https:\/\/tilefly.com\/de\/wp-json\/wp\/v2\/product_tag?post=545408"}],"curies":[{"name":"wp","href":"https:\/\/api.w.org\/{rel}","templated":true}]}}