{"id":545402,"date":"2024-11-14T20:19:16","date_gmt":"2024-11-14T19:19:16","guid":{"rendered":"https:\/\/tilefly.com\/producto\/reef-corten-rect-60x60\/"},"modified":"2024-11-14T20:26:33","modified_gmt":"2024-11-14T19:26:33","slug":"reef-corten-rect-60x60","status":"publish","type":"product","link":"https:\/\/tilefly.com\/de\/produkt\/reef-corten-rect-60x60\/","title":{"rendered":"REEF CORTEN RECT 60X60"},"content":{"rendered":"<h2><strong>REEF CORTEN RECT 60X60<\/strong><\/h2><p>Die <em>Reef Corten Rect 60X60<\/em> in Grau ist eine Feinsteinzeugfliese, die sich durch ihren Metalleffekt und ihre rutschfeste, matte Oberfl\u00e4che auszeichnet. Dieses St\u00fcck ist perfekt f\u00fcr alle, die eine rustikale \u00c4sthetik mit einem industriellen Touch suchen, ideal f\u00fcr stark frequentierte Bereiche oder Au\u00dfenbereiche. <\/p><p>Erfahren Sie mehr \u00fcber die <a href=\"https:\/\/tilefly.com\/producto\/reef\/\">Reef Serie<\/a> und verwandeln Sie Ihre R\u00e4ume mit einem Design, das von Naturt\u00f6nen und Handwerkskunst inspiriert ist.<\/p>","protected":false},"excerpt":{"rendered":"<p>REEF CORTEN RECT 60X60Die Reef Corten Rect 60X60 in Grau ist eine Feinsteinzeugfliese, die sich durch ihren Metalleffekt und ihre rutschfeste, matte Oberfl\u00e4che auszeichnet. Dieses St\u00fcck ist perfekt f\u00fcr alle, die eine rustikale \u00c4sthetik mit einem industriellen Touch suchen, ideal f\u00fcr stark frequentierte Bereiche oder Au\u00dfenbereiche. Erfahren Sie mehr \u00fcber die Reef Serie und verwandeln [&hellip;]<\/p>\n","protected":false},"featured_media":545291,"comment_status":"open","ping_status":"closed","template":"","meta":[],"product_brand":[],"product_cat":[457,458,456,459],"product_tag":[],"class_list":{"0":"post-545402","1":"product","2":"type-product","3":"status-publish","4":"has-post-thumbnail","6":"product_cat-badezimmer","7":"product_cat-kuchen","8":"product_cat-vohnzimmer","9":"product_cat-wandfliesen","11":"first","12":"instock","13":"shipping-taxable","14":"purchasable","15":"product-type-simple"},"_links":{"self":[{"href":"https:\/\/tilefly.com\/de\/wp-json\/wp\/v2\/product\/545402","targetHints":{"allow":["GET"]}}],"collection":[{"href":"https:\/\/tilefly.com\/de\/wp-json\/wp\/v2\/product"}],"about":[{"href":"https:\/\/tilefly.com\/de\/wp-json\/wp\/v2\/types\/product"}],"replies":[{"embeddable":true,"href":"https:\/\/tilefly.com\/de\/wp-json\/wp\/v2\/comments?post=545402"}],"wp:featuredmedia":[{"embeddable":true,"href":"https:\/\/tilefly.com\/de\/wp-json\/wp\/v2\/media\/545291"}],"wp:attachment":[{"href":"https:\/\/tilefly.com\/de\/wp-json\/wp\/v2\/media?parent=545402"}],"wp:term":[{"taxonomy":"product_brand","embeddable":true,"href":"https:\/\/tilefly.com\/de\/wp-json\/wp\/v2\/product_brand?post=545402"},{"taxonomy":"product_cat","embeddable":true,"href":"https:\/\/tilefly.com\/de\/wp-json\/wp\/v2\/product_cat?post=545402"},{"taxonomy":"product_tag","embeddable":true,"href":"https:\/\/tilefly.com\/de\/wp-json\/wp\/v2\/product_tag?post=545402"}],"curies":[{"name":"wp","href":"https:\/\/api.w.org\/{rel}","templated":true}]}}