{"id":545396,"date":"2024-11-14T20:18:29","date_gmt":"2024-11-14T19:18:29","guid":{"rendered":"https:\/\/tilefly.com\/producto\/reef-white-honed-rect-120x120\/"},"modified":"2024-11-14T20:26:24","modified_gmt":"2024-11-14T19:26:24","slug":"reef-white-honed-rect-120x120","status":"publish","type":"product","link":"https:\/\/tilefly.com\/de\/produkt\/reef-white-honed-rect-120x120\/","title":{"rendered":"REEF WHITE HONED RECT 120X120"},"content":{"rendered":"<h2><strong>REEF WEISS GESCHLIFFEN RECT 120X120<\/strong><\/h2><p>Die <em>Reef White Honed Rect 120X120<\/em> ist eine gro\u00dfformatige Feinsteinzeug-Fliese, die Eleganz und Ger\u00e4umigkeit in jeden Raum bringt. Mit ihrem Lapado-Finish und einem subtilen wei\u00dfen Metalleffekt erinnert dieses St\u00fcck an die Frische und Reinheit des Ozeans und vermittelt ein Gef\u00fchl von Licht und Raffinesse. <\/p><p>Als Teil der <a href=\"https:\/\/tilefly.com\/producto\/reef\/\">Reef-Serie<\/a> ist dieses Design perfekt f\u00fcr alle, die eine moderne \u00c4sthetik mit einem handwerklichen Touch suchen, der an K\u00fcstenlandschaften erinnert.<\/p>","protected":false},"excerpt":{"rendered":"<p>REEF WEISS GESCHLIFFEN RECT 120X120Die Reef White Honed Rect 120X120 ist eine gro\u00dfformatige Feinsteinzeug-Fliese, die Eleganz und Ger\u00e4umigkeit in jeden Raum bringt. Mit ihrem Lapado-Finish und einem subtilen wei\u00dfen Metalleffekt erinnert dieses St\u00fcck an die Frische und Reinheit des Ozeans und vermittelt ein Gef\u00fchl von Licht und Raffinesse. Als Teil der Reef-Serie ist dieses Design [&hellip;]<\/p>\n","protected":false},"featured_media":545184,"comment_status":"open","ping_status":"closed","template":"","meta":[],"product_brand":[],"product_cat":[457,458,456,459],"product_tag":[],"class_list":{"0":"post-545396","1":"product","2":"type-product","3":"status-publish","4":"has-post-thumbnail","6":"product_cat-badezimmer","7":"product_cat-kuchen","8":"product_cat-vohnzimmer","9":"product_cat-wandfliesen","11":"first","12":"instock","13":"shipping-taxable","14":"purchasable","15":"product-type-simple"},"_links":{"self":[{"href":"https:\/\/tilefly.com\/de\/wp-json\/wp\/v2\/product\/545396","targetHints":{"allow":["GET"]}}],"collection":[{"href":"https:\/\/tilefly.com\/de\/wp-json\/wp\/v2\/product"}],"about":[{"href":"https:\/\/tilefly.com\/de\/wp-json\/wp\/v2\/types\/product"}],"replies":[{"embeddable":true,"href":"https:\/\/tilefly.com\/de\/wp-json\/wp\/v2\/comments?post=545396"}],"wp:featuredmedia":[{"embeddable":true,"href":"https:\/\/tilefly.com\/de\/wp-json\/wp\/v2\/media\/545184"}],"wp:attachment":[{"href":"https:\/\/tilefly.com\/de\/wp-json\/wp\/v2\/media?parent=545396"}],"wp:term":[{"taxonomy":"product_brand","embeddable":true,"href":"https:\/\/tilefly.com\/de\/wp-json\/wp\/v2\/product_brand?post=545396"},{"taxonomy":"product_cat","embeddable":true,"href":"https:\/\/tilefly.com\/de\/wp-json\/wp\/v2\/product_cat?post=545396"},{"taxonomy":"product_tag","embeddable":true,"href":"https:\/\/tilefly.com\/de\/wp-json\/wp\/v2\/product_tag?post=545396"}],"curies":[{"name":"wp","href":"https:\/\/api.w.org\/{rel}","templated":true}]}}