{"id":543938,"date":"2024-11-07T03:19:53","date_gmt":"2024-11-07T02:19:53","guid":{"rendered":"https:\/\/tilefly.com\/producto\/picket-contemporary-aqua-sea-6x26\/"},"modified":"2024-11-10T20:00:39","modified_gmt":"2024-11-10T19:00:39","slug":"picket-contemporary-aqua-sea-6x26","status":"publish","type":"product","link":"https:\/\/tilefly.com\/de\/produkt\/picket-contemporary-aqua-sea-6x26\/","title":{"rendered":"PICKET CONTEMPORARY AQUA SEA 6X26"},"content":{"rendered":"<h2><strong>PICKET CONTEMPORARY AQUA MEER 6X26<\/strong><\/h2><p>Picket Contemporary Aqua Sea 6&#215;26 Die Fliese Picket Contemporary Aqua Sea in leuchtendem Aqua ist eine mutige und frische Wahl. Dank ihrer spitzen Form k\u00f6nnen die St\u00fccke ineinandergreifen, um dynamische, moderne Muster zu schaffen. Mit ihrem matten Finish und der rutschfesten Oberfl\u00e4che ist sie ideal f\u00fcr R\u00e4ume, in denen ein mutiger und selbstbewusster Stil gefragt ist.  <\/p>","protected":false},"excerpt":{"rendered":"<p>PICKET CONTEMPORARY AQUA MEER 6X26Picket Contemporary Aqua Sea 6&#215;26 Die Fliese Picket Contemporary Aqua Sea in leuchtendem Aqua ist eine mutige und frische Wahl. Dank ihrer spitzen Form k\u00f6nnen die St\u00fccke ineinandergreifen, um dynamische, moderne Muster zu schaffen. Mit ihrem matten Finish und der rutschfesten Oberfl\u00e4che ist sie ideal f\u00fcr R\u00e4ume, in denen ein mutiger [&hellip;]<\/p>\n","protected":false},"featured_media":540574,"comment_status":"open","ping_status":"closed","template":"","meta":[],"product_brand":[],"product_cat":[457,458,456,459],"product_tag":[],"class_list":{"0":"post-543938","1":"product","2":"type-product","3":"status-publish","4":"has-post-thumbnail","6":"product_cat-badezimmer","7":"product_cat-kuchen","8":"product_cat-vohnzimmer","9":"product_cat-wandfliesen","11":"first","12":"instock","13":"shipping-taxable","14":"purchasable","15":"product-type-simple"},"_links":{"self":[{"href":"https:\/\/tilefly.com\/de\/wp-json\/wp\/v2\/product\/543938","targetHints":{"allow":["GET"]}}],"collection":[{"href":"https:\/\/tilefly.com\/de\/wp-json\/wp\/v2\/product"}],"about":[{"href":"https:\/\/tilefly.com\/de\/wp-json\/wp\/v2\/types\/product"}],"replies":[{"embeddable":true,"href":"https:\/\/tilefly.com\/de\/wp-json\/wp\/v2\/comments?post=543938"}],"wp:featuredmedia":[{"embeddable":true,"href":"https:\/\/tilefly.com\/de\/wp-json\/wp\/v2\/media\/540574"}],"wp:attachment":[{"href":"https:\/\/tilefly.com\/de\/wp-json\/wp\/v2\/media?parent=543938"}],"wp:term":[{"taxonomy":"product_brand","embeddable":true,"href":"https:\/\/tilefly.com\/de\/wp-json\/wp\/v2\/product_brand?post=543938"},{"taxonomy":"product_cat","embeddable":true,"href":"https:\/\/tilefly.com\/de\/wp-json\/wp\/v2\/product_cat?post=543938"},{"taxonomy":"product_tag","embeddable":true,"href":"https:\/\/tilefly.com\/de\/wp-json\/wp\/v2\/product_tag?post=543938"}],"curies":[{"name":"wp","href":"https:\/\/api.w.org\/{rel}","templated":true}]}}