{"id":543935,"date":"2024-11-07T03:19:49","date_gmt":"2024-11-07T02:19:49","guid":{"rendered":"https:\/\/tilefly.com\/producto\/picket-contemporary-bluestone-6x26\/"},"modified":"2024-11-10T20:00:36","modified_gmt":"2024-11-10T19:00:36","slug":"picket-contemporary-bluestone-6x26","status":"publish","type":"product","link":"https:\/\/tilefly.com\/de\/produkt\/picket-contemporary-bluestone-6x26\/","title":{"rendered":"PICKET CONTEMPORARY BLUESTONE 6X26"},"content":{"rendered":"<h2><strong>PICKET CONTEMPORARY BLUESTONE 6X26<\/strong><\/h2><p>Der Picket Contemporary Bluestone 6&#215;26 in einem tiefen Blauton hat ein spitz zulaufendes Design, das sich ideal f\u00fcr die Gestaltung ineinandergreifender Muster eignet. Seine matte Oberfl\u00e4che und die rutschhemmenden Eigenschaften machen ihn zu einem funktionalen und stilvollen St\u00fcck, perfekt f\u00fcr alle, die ihrer Einrichtung einen k\u00fchnen und modernen Touch verleihen m\u00f6chten. <\/p>","protected":false},"excerpt":{"rendered":"<p>PICKET CONTEMPORARY BLUESTONE 6X26Der Picket Contemporary Bluestone 6&#215;26 in einem tiefen Blauton hat ein spitz zulaufendes Design, das sich ideal f\u00fcr die Gestaltung ineinandergreifender Muster eignet. Seine matte Oberfl\u00e4che und die rutschhemmenden Eigenschaften machen ihn zu einem funktionalen und stilvollen St\u00fcck, perfekt f\u00fcr alle, die ihrer Einrichtung einen k\u00fchnen und modernen Touch verleihen m\u00f6chten.<\/p>\n","protected":false},"featured_media":540561,"comment_status":"open","ping_status":"closed","template":"","meta":[],"product_brand":[],"product_cat":[457,458,456,459],"product_tag":[],"class_list":{"0":"post-543935","1":"product","2":"type-product","3":"status-publish","4":"has-post-thumbnail","6":"product_cat-badezimmer","7":"product_cat-kuchen","8":"product_cat-vohnzimmer","9":"product_cat-wandfliesen","11":"first","12":"instock","13":"shipping-taxable","14":"purchasable","15":"product-type-simple"},"_links":{"self":[{"href":"https:\/\/tilefly.com\/de\/wp-json\/wp\/v2\/product\/543935","targetHints":{"allow":["GET"]}}],"collection":[{"href":"https:\/\/tilefly.com\/de\/wp-json\/wp\/v2\/product"}],"about":[{"href":"https:\/\/tilefly.com\/de\/wp-json\/wp\/v2\/types\/product"}],"replies":[{"embeddable":true,"href":"https:\/\/tilefly.com\/de\/wp-json\/wp\/v2\/comments?post=543935"}],"wp:featuredmedia":[{"embeddable":true,"href":"https:\/\/tilefly.com\/de\/wp-json\/wp\/v2\/media\/540561"}],"wp:attachment":[{"href":"https:\/\/tilefly.com\/de\/wp-json\/wp\/v2\/media?parent=543935"}],"wp:term":[{"taxonomy":"product_brand","embeddable":true,"href":"https:\/\/tilefly.com\/de\/wp-json\/wp\/v2\/product_brand?post=543935"},{"taxonomy":"product_cat","embeddable":true,"href":"https:\/\/tilefly.com\/de\/wp-json\/wp\/v2\/product_cat?post=543935"},{"taxonomy":"product_tag","embeddable":true,"href":"https:\/\/tilefly.com\/de\/wp-json\/wp\/v2\/product_tag?post=543935"}],"curies":[{"name":"wp","href":"https:\/\/api.w.org\/{rel}","templated":true}]}}