{"id":543931,"date":"2024-11-07T03:19:45","date_gmt":"2024-11-10T18:59:50","guid":{"rendered":"https:\/\/tilefly.com\/producto\/picket-contemporary-mineral-grey-6x26\/"},"modified":"2024-11-10T19:59:50","modified_gmt":"2024-11-10T18:59:50","slug":"picket-contemporary-mineral-grey-6x26","status":"publish","type":"product","link":"https:\/\/tilefly.com\/de\/produkt\/picket-contemporary-mineral-grey-6x26\/","title":{"rendered":"PICKET CONTEMPORARY MINERAL GREY 6X26"},"content":{"rendered":"<h2><strong>PICKET CONTEMPORARY MINERAL GREY 6X26<\/strong><\/h2><p>Die Fliese Picket Contemporary Mineral Grey 6&#215;26 Picket in einem eleganten Grauton widersetzt sich mit ihrem spitz zulaufenden Format dem herk\u00f6mmlichen Design. Dieses Design erm\u00f6glicht die Gestaltung moderner, ineinandergreifender Muster. Mit ihrem matten Finish und der rutschfesten Oberfl\u00e4che ist sie perfekt f\u00fcr R\u00e4ume, die eine moderne und selbstbewusste \u00c4sthetik suchen.  <\/p>","protected":false},"excerpt":{"rendered":"<p>PICKET CONTEMPORARY MINERAL GREY 6X26Die Fliese Picket Contemporary Mineral Grey 6&#215;26 Picket in einem eleganten Grauton widersetzt sich mit ihrem spitz zulaufenden Format dem herk\u00f6mmlichen Design. Dieses Design erm\u00f6glicht die Gestaltung moderner, ineinandergreifender Muster. Mit ihrem matten Finish und der rutschfesten Oberfl\u00e4che ist sie perfekt f\u00fcr R\u00e4ume, die eine moderne und selbstbewusste \u00c4sthetik suchen.<\/p>\n","protected":false},"featured_media":540548,"comment_status":"open","ping_status":"closed","template":"","meta":[],"product_brand":[],"product_cat":[457,458,456,459],"product_tag":[],"class_list":{"0":"post-543931","1":"product","2":"type-product","3":"status-publish","4":"has-post-thumbnail","6":"product_cat-badezimmer","7":"product_cat-kuchen","8":"product_cat-vohnzimmer","9":"product_cat-wandfliesen","11":"first","12":"outofstock","13":"shipping-taxable","14":"purchasable","15":"product-type-simple"},"_links":{"self":[{"href":"https:\/\/tilefly.com\/de\/wp-json\/wp\/v2\/product\/543931","targetHints":{"allow":["GET"]}}],"collection":[{"href":"https:\/\/tilefly.com\/de\/wp-json\/wp\/v2\/product"}],"about":[{"href":"https:\/\/tilefly.com\/de\/wp-json\/wp\/v2\/types\/product"}],"replies":[{"embeddable":true,"href":"https:\/\/tilefly.com\/de\/wp-json\/wp\/v2\/comments?post=543931"}],"wp:featuredmedia":[{"embeddable":true,"href":"https:\/\/tilefly.com\/de\/wp-json\/wp\/v2\/media\/540548"}],"wp:attachment":[{"href":"https:\/\/tilefly.com\/de\/wp-json\/wp\/v2\/media?parent=543931"}],"wp:term":[{"taxonomy":"product_brand","embeddable":true,"href":"https:\/\/tilefly.com\/de\/wp-json\/wp\/v2\/product_brand?post=543931"},{"taxonomy":"product_cat","embeddable":true,"href":"https:\/\/tilefly.com\/de\/wp-json\/wp\/v2\/product_cat?post=543931"},{"taxonomy":"product_tag","embeddable":true,"href":"https:\/\/tilefly.com\/de\/wp-json\/wp\/v2\/product_tag?post=543931"}],"curies":[{"name":"wp","href":"https:\/\/api.w.org\/{rel}","templated":true}]}}