{"id":543928,"date":"2024-11-07T03:19:39","date_gmt":"2024-11-07T02:19:39","guid":{"rendered":"https:\/\/tilefly.com\/producto\/picket-contemporary-ash-rose-6x26\/"},"modified":"2024-11-10T19:59:48","modified_gmt":"2024-11-10T18:59:48","slug":"picket-contemporary-ash-rose-6x26","status":"publish","type":"product","link":"https:\/\/tilefly.com\/de\/produkt\/picket-contemporary-ash-rose-6x26\/","title":{"rendered":"PICKET CONTEMPORARY ASH ROSE 6X26"},"content":{"rendered":"<h2><strong>PICKET CONTEMPORARY ASH ROSE 6X26<\/strong><\/h2><p>Der aschrosa Farbton von Picket Contemporary Ash Rose 6&#215;26 verleiht jeder Umgebung Raffinesse. Das spitz zulaufende Design erm\u00f6glicht ein nahtloses Aneinanderf\u00fcgen der St\u00fccke, wodurch individuelle Muster entstehen. Mit seinem matten Finish und der rutschfesten Oberfl\u00e4che ist dieses St\u00fcck ideal f\u00fcr alle, die Stil und Funktionalit\u00e4t in ihrer Einrichtung suchen.  <\/p>","protected":false},"excerpt":{"rendered":"<p>PICKET CONTEMPORARY ASH ROSE 6X26Der aschrosa Farbton von Picket Contemporary Ash Rose 6&#215;26 verleiht jeder Umgebung Raffinesse. Das spitz zulaufende Design erm\u00f6glicht ein nahtloses Aneinanderf\u00fcgen der St\u00fccke, wodurch individuelle Muster entstehen. Mit seinem matten Finish und der rutschfesten Oberfl\u00e4che ist dieses St\u00fcck ideal f\u00fcr alle, die Stil und Funktionalit\u00e4t in ihrer Einrichtung suchen.<\/p>\n","protected":false},"featured_media":540522,"comment_status":"open","ping_status":"closed","template":"","meta":[],"product_brand":[],"product_cat":[457,458,456,459],"product_tag":[],"class_list":{"0":"post-543928","1":"product","2":"type-product","3":"status-publish","4":"has-post-thumbnail","6":"product_cat-badezimmer","7":"product_cat-kuchen","8":"product_cat-vohnzimmer","9":"product_cat-wandfliesen","11":"first","12":"instock","13":"shipping-taxable","14":"purchasable","15":"product-type-simple"},"_links":{"self":[{"href":"https:\/\/tilefly.com\/de\/wp-json\/wp\/v2\/product\/543928","targetHints":{"allow":["GET"]}}],"collection":[{"href":"https:\/\/tilefly.com\/de\/wp-json\/wp\/v2\/product"}],"about":[{"href":"https:\/\/tilefly.com\/de\/wp-json\/wp\/v2\/types\/product"}],"replies":[{"embeddable":true,"href":"https:\/\/tilefly.com\/de\/wp-json\/wp\/v2\/comments?post=543928"}],"wp:featuredmedia":[{"embeddable":true,"href":"https:\/\/tilefly.com\/de\/wp-json\/wp\/v2\/media\/540522"}],"wp:attachment":[{"href":"https:\/\/tilefly.com\/de\/wp-json\/wp\/v2\/media?parent=543928"}],"wp:term":[{"taxonomy":"product_brand","embeddable":true,"href":"https:\/\/tilefly.com\/de\/wp-json\/wp\/v2\/product_brand?post=543928"},{"taxonomy":"product_cat","embeddable":true,"href":"https:\/\/tilefly.com\/de\/wp-json\/wp\/v2\/product_cat?post=543928"},{"taxonomy":"product_tag","embeddable":true,"href":"https:\/\/tilefly.com\/de\/wp-json\/wp\/v2\/product_tag?post=543928"}],"curies":[{"name":"wp","href":"https:\/\/api.w.org\/{rel}","templated":true}]}}