{"id":543923,"date":"2024-11-07T03:19:36","date_gmt":"2024-11-07T02:19:36","guid":{"rendered":"https:\/\/tilefly.com\/producto\/picket-contemporary-rose-quartz-6x26\/"},"modified":"2024-11-10T19:59:21","modified_gmt":"2024-11-10T18:59:21","slug":"picket-contemporary-rose-quartz-6x26","status":"publish","type":"product","link":"https:\/\/tilefly.com\/de\/produkt\/picket-contemporary-rose-quartz-6x26\/","title":{"rendered":"PICKET CONTEMPORARY ROSE QUARTZ 6X26"},"content":{"rendered":"<h2><strong>PICKET CONTEMPORARY ROSE QUARTZ 6X26<\/strong><\/h2><p>Picket Contemporary Rose Quartz 6&#215;26 mit seinem zarten rosa Farbton verbindet Zartheit und Modernit\u00e4t. Die einzigartige Stachelform erm\u00f6glicht eine dynamische Verlegung und ist ideal, um ineinander greifende Muster zu schaffen, die f\u00fcr visuelles Interesse sorgen. Diese matte, rutschfeste Fliese eignet sich perfekt f\u00fcr R\u00e4ume, die einen romantischen und doch k\u00fchnen Touch haben sollen.  <\/p>","protected":false},"excerpt":{"rendered":"<p>PICKET CONTEMPORARY ROSE QUARTZ 6X26Picket Contemporary Rose Quartz 6&#215;26 mit seinem zarten rosa Farbton verbindet Zartheit und Modernit\u00e4t. Die einzigartige Stachelform erm\u00f6glicht eine dynamische Verlegung und ist ideal, um ineinander greifende Muster zu schaffen, die f\u00fcr visuelles Interesse sorgen. Diese matte, rutschfeste Fliese eignet sich perfekt f\u00fcr R\u00e4ume, die einen romantischen und doch k\u00fchnen Touch [&hellip;]<\/p>\n","protected":false},"featured_media":540509,"comment_status":"open","ping_status":"closed","template":"","meta":[],"product_brand":[],"product_cat":[457,458,456,459],"product_tag":[],"class_list":{"0":"post-543923","1":"product","2":"type-product","3":"status-publish","4":"has-post-thumbnail","6":"product_cat-badezimmer","7":"product_cat-kuchen","8":"product_cat-vohnzimmer","9":"product_cat-wandfliesen","11":"first","12":"instock","13":"shipping-taxable","14":"purchasable","15":"product-type-simple"},"_links":{"self":[{"href":"https:\/\/tilefly.com\/de\/wp-json\/wp\/v2\/product\/543923","targetHints":{"allow":["GET"]}}],"collection":[{"href":"https:\/\/tilefly.com\/de\/wp-json\/wp\/v2\/product"}],"about":[{"href":"https:\/\/tilefly.com\/de\/wp-json\/wp\/v2\/types\/product"}],"replies":[{"embeddable":true,"href":"https:\/\/tilefly.com\/de\/wp-json\/wp\/v2\/comments?post=543923"}],"wp:featuredmedia":[{"embeddable":true,"href":"https:\/\/tilefly.com\/de\/wp-json\/wp\/v2\/media\/540509"}],"wp:attachment":[{"href":"https:\/\/tilefly.com\/de\/wp-json\/wp\/v2\/media?parent=543923"}],"wp:term":[{"taxonomy":"product_brand","embeddable":true,"href":"https:\/\/tilefly.com\/de\/wp-json\/wp\/v2\/product_brand?post=543923"},{"taxonomy":"product_cat","embeddable":true,"href":"https:\/\/tilefly.com\/de\/wp-json\/wp\/v2\/product_cat?post=543923"},{"taxonomy":"product_tag","embeddable":true,"href":"https:\/\/tilefly.com\/de\/wp-json\/wp\/v2\/product_tag?post=543923"}],"curies":[{"name":"wp","href":"https:\/\/api.w.org\/{rel}","templated":true}]}}