{"id":543920,"date":"2024-11-07T03:19:28","date_gmt":"2024-11-07T02:19:28","guid":{"rendered":"https:\/\/tilefly.com\/producto\/nelly-obsidian-15x15\/"},"modified":"2024-11-10T19:59:17","modified_gmt":"2024-11-10T18:59:17","slug":"nelly-obsidian-15x15","status":"publish","type":"product","link":"https:\/\/tilefly.com\/de\/produkt\/nelly-obsidian-15x15\/","title":{"rendered":"NELLY OBSIDIAN 15X15"},"content":{"rendered":"<h2><strong>NELLY OBSIDIAN 15X15<\/strong><\/h2><p>Die Fliese Nelly Obsidian 15&#215;15 in einem dunklen Grauton verf\u00fcgt \u00fcber einen zentralen Streifen, der Ihrem Design Tiefe und Modernit\u00e4t verleiht. Diese dekorative matte Oberfl\u00e4che ist perfekt f\u00fcr R\u00e4ume, die einen k\u00fchnen und raffinierten Stil w\u00fcnschen. Sie l\u00e4sst sich ideal mit den anderen Produkten der Serie Contemporary kombinieren und verleiht ihnen einen unverwechselbaren und eleganten Touch.  <\/p>","protected":false},"excerpt":{"rendered":"<p>NELLY OBSIDIAN 15X15Die Fliese Nelly Obsidian 15&#215;15 in einem dunklen Grauton verf\u00fcgt \u00fcber einen zentralen Streifen, der Ihrem Design Tiefe und Modernit\u00e4t verleiht. Diese dekorative matte Oberfl\u00e4che ist perfekt f\u00fcr R\u00e4ume, die einen k\u00fchnen und raffinierten Stil w\u00fcnschen. Sie l\u00e4sst sich ideal mit den anderen Produkten der Serie Contemporary kombinieren und verleiht ihnen einen unverwechselbaren [&hellip;]<\/p>\n","protected":false},"featured_media":540483,"comment_status":"open","ping_status":"closed","template":"","meta":[],"product_brand":[],"product_cat":[457,458,456,459],"product_tag":[],"class_list":{"0":"post-543920","1":"product","2":"type-product","3":"status-publish","4":"has-post-thumbnail","6":"product_cat-badezimmer","7":"product_cat-kuchen","8":"product_cat-vohnzimmer","9":"product_cat-wandfliesen","11":"first","12":"instock","13":"shipping-taxable","14":"purchasable","15":"product-type-simple"},"_links":{"self":[{"href":"https:\/\/tilefly.com\/de\/wp-json\/wp\/v2\/product\/543920","targetHints":{"allow":["GET"]}}],"collection":[{"href":"https:\/\/tilefly.com\/de\/wp-json\/wp\/v2\/product"}],"about":[{"href":"https:\/\/tilefly.com\/de\/wp-json\/wp\/v2\/types\/product"}],"replies":[{"embeddable":true,"href":"https:\/\/tilefly.com\/de\/wp-json\/wp\/v2\/comments?post=543920"}],"wp:featuredmedia":[{"embeddable":true,"href":"https:\/\/tilefly.com\/de\/wp-json\/wp\/v2\/media\/540483"}],"wp:attachment":[{"href":"https:\/\/tilefly.com\/de\/wp-json\/wp\/v2\/media?parent=543920"}],"wp:term":[{"taxonomy":"product_brand","embeddable":true,"href":"https:\/\/tilefly.com\/de\/wp-json\/wp\/v2\/product_brand?post=543920"},{"taxonomy":"product_cat","embeddable":true,"href":"https:\/\/tilefly.com\/de\/wp-json\/wp\/v2\/product_cat?post=543920"},{"taxonomy":"product_tag","embeddable":true,"href":"https:\/\/tilefly.com\/de\/wp-json\/wp\/v2\/product_tag?post=543920"}],"curies":[{"name":"wp","href":"https:\/\/api.w.org\/{rel}","templated":true}]}}