{"id":543916,"date":"2024-11-07T03:19:32","date_gmt":"2024-11-07T02:19:32","guid":{"rendered":"https:\/\/tilefly.com\/producto\/picket-contemporary-coconut-milk-6x26\/"},"modified":"2024-11-10T19:59:12","modified_gmt":"2024-11-10T18:59:12","slug":"picket-contemporary-coconut-milk-6x26","status":"publish","type":"product","link":"https:\/\/tilefly.com\/de\/produkt\/picket-contemporary-coconut-milk-6x26\/","title":{"rendered":"PICKET CONTEMPORARY COCONUT MILK 6X26"},"content":{"rendered":"<h2><strong>PICKET CONTEMPORARY KOKOSNUSSMILCH 6X26<\/strong><\/h2><p>Picket Contemporary Coconut Milk 6&#215;26 Die Fliese Picket Contemporary Coconut Milk in ihrem eleganten wei\u00dfen Farbton zeichnet sich durch ein spitz zulaufendes Design aus, das es erm\u00f6glicht, dass jedes St\u00fcck pr\u00e4zise zusammenpasst. Ihre matte Oberfl\u00e4che und ihre rutschhemmenden Eigenschaften machen sie ideal f\u00fcr Bereiche, in denen es auf Stil und Sicherheit ankommt. Sie eignet sich perfekt f\u00fcr die Gestaltung zeitgen\u00f6ssischer Muster und ist ein vielseitiges St\u00fcck, das jedem Raum Modernit\u00e4t verleiht.  <\/p>","protected":false},"excerpt":{"rendered":"<p>PICKET CONTEMPORARY KOKOSNUSSMILCH 6X26Picket Contemporary Coconut Milk 6&#215;26 Die Fliese Picket Contemporary Coconut Milk in ihrem eleganten wei\u00dfen Farbton zeichnet sich durch ein spitz zulaufendes Design aus, das es erm\u00f6glicht, dass jedes St\u00fcck pr\u00e4zise zusammenpasst. Ihre matte Oberfl\u00e4che und ihre rutschhemmenden Eigenschaften machen sie ideal f\u00fcr Bereiche, in denen es auf Stil und Sicherheit ankommt. [&hellip;]<\/p>\n","protected":false},"featured_media":540496,"comment_status":"open","ping_status":"closed","template":"","meta":[],"product_brand":[],"product_cat":[457,458,456,459],"product_tag":[],"class_list":{"0":"post-543916","1":"product","2":"type-product","3":"status-publish","4":"has-post-thumbnail","6":"product_cat-badezimmer","7":"product_cat-kuchen","8":"product_cat-vohnzimmer","9":"product_cat-wandfliesen","11":"first","12":"instock","13":"shipping-taxable","14":"purchasable","15":"product-type-simple"},"_links":{"self":[{"href":"https:\/\/tilefly.com\/de\/wp-json\/wp\/v2\/product\/543916","targetHints":{"allow":["GET"]}}],"collection":[{"href":"https:\/\/tilefly.com\/de\/wp-json\/wp\/v2\/product"}],"about":[{"href":"https:\/\/tilefly.com\/de\/wp-json\/wp\/v2\/types\/product"}],"replies":[{"embeddable":true,"href":"https:\/\/tilefly.com\/de\/wp-json\/wp\/v2\/comments?post=543916"}],"wp:featuredmedia":[{"embeddable":true,"href":"https:\/\/tilefly.com\/de\/wp-json\/wp\/v2\/media\/540496"}],"wp:attachment":[{"href":"https:\/\/tilefly.com\/de\/wp-json\/wp\/v2\/media?parent=543916"}],"wp:term":[{"taxonomy":"product_brand","embeddable":true,"href":"https:\/\/tilefly.com\/de\/wp-json\/wp\/v2\/product_brand?post=543916"},{"taxonomy":"product_cat","embeddable":true,"href":"https:\/\/tilefly.com\/de\/wp-json\/wp\/v2\/product_cat?post=543916"},{"taxonomy":"product_tag","embeddable":true,"href":"https:\/\/tilefly.com\/de\/wp-json\/wp\/v2\/product_tag?post=543916"}],"curies":[{"name":"wp","href":"https:\/\/api.w.org\/{rel}","templated":true}]}}