{"id":543908,"date":"2024-11-07T03:19:22","date_gmt":"2024-11-07T02:19:22","guid":{"rendered":"https:\/\/tilefly.com\/producto\/nelly-ash-rose-15x15\/"},"modified":"2024-11-10T19:58:50","modified_gmt":"2024-11-10T18:58:50","slug":"nelly-ash-rose-15x15","status":"publish","type":"product","link":"https:\/\/tilefly.com\/de\/produkt\/nelly-ash-rose-15x15\/","title":{"rendered":"NELLY ASH ROSE 15X15"},"content":{"rendered":"<h2><strong>NELLY ASH ROSE 15X15<\/strong><\/h2><p>Nelly Ash Rose 15&#215;15, mit seinem aschrosa Ton, bringt Raffinesse und ein modernes Gef\u00fchl mit sich. Der Streifen in der Mitte verleiht diesem St\u00fcck eine besondere Note, die in jeder Umgebung auff\u00e4llt. Dieses matte und verzierte Design ist perfekt f\u00fcr alle, die eine k\u00fchne und moderne \u00c4sthetik f\u00fcr ihre Projekte suchen.  <\/p>","protected":false},"excerpt":{"rendered":"<p>NELLY ASH ROSE 15X15Nelly Ash Rose 15&#215;15, mit seinem aschrosa Ton, bringt Raffinesse und ein modernes Gef\u00fchl mit sich. Der Streifen in der Mitte verleiht diesem St\u00fcck eine besondere Note, die in jeder Umgebung auff\u00e4llt. Dieses matte und verzierte Design ist perfekt f\u00fcr alle, die eine k\u00fchne und moderne \u00c4sthetik f\u00fcr ihre Projekte suchen.<\/p>\n","protected":false},"featured_media":540457,"comment_status":"open","ping_status":"closed","template":"","meta":[],"product_brand":[],"product_cat":[457,458,456,459],"product_tag":[],"class_list":{"0":"post-543908","1":"product","2":"type-product","3":"status-publish","4":"has-post-thumbnail","6":"product_cat-badezimmer","7":"product_cat-kuchen","8":"product_cat-vohnzimmer","9":"product_cat-wandfliesen","11":"first","12":"instock","13":"shipping-taxable","14":"purchasable","15":"product-type-simple"},"_links":{"self":[{"href":"https:\/\/tilefly.com\/de\/wp-json\/wp\/v2\/product\/543908","targetHints":{"allow":["GET"]}}],"collection":[{"href":"https:\/\/tilefly.com\/de\/wp-json\/wp\/v2\/product"}],"about":[{"href":"https:\/\/tilefly.com\/de\/wp-json\/wp\/v2\/types\/product"}],"replies":[{"embeddable":true,"href":"https:\/\/tilefly.com\/de\/wp-json\/wp\/v2\/comments?post=543908"}],"wp:featuredmedia":[{"embeddable":true,"href":"https:\/\/tilefly.com\/de\/wp-json\/wp\/v2\/media\/540457"}],"wp:attachment":[{"href":"https:\/\/tilefly.com\/de\/wp-json\/wp\/v2\/media?parent=543908"}],"wp:term":[{"taxonomy":"product_brand","embeddable":true,"href":"https:\/\/tilefly.com\/de\/wp-json\/wp\/v2\/product_brand?post=543908"},{"taxonomy":"product_cat","embeddable":true,"href":"https:\/\/tilefly.com\/de\/wp-json\/wp\/v2\/product_cat?post=543908"},{"taxonomy":"product_tag","embeddable":true,"href":"https:\/\/tilefly.com\/de\/wp-json\/wp\/v2\/product_tag?post=543908"}],"curies":[{"name":"wp","href":"https:\/\/api.w.org\/{rel}","templated":true}]}}