{"id":543906,"date":"2024-11-07T03:19:16","date_gmt":"2024-11-07T02:19:16","guid":{"rendered":"https:\/\/tilefly.com\/producto\/nelly-mineral-grey-15x15\/"},"modified":"2024-11-10T19:58:47","modified_gmt":"2024-11-10T18:58:47","slug":"nelly-mineral-grey-15x15","status":"publish","type":"product","link":"https:\/\/tilefly.com\/de\/produkt\/nelly-mineral-grey-15x15\/","title":{"rendered":"NELLY MINERAL GREY 15X15"},"content":{"rendered":"<h2><strong>NELLY MINERAL GRAU 15X15<\/strong><\/h2><p>Nelly Mineral Grey 15&#215;15 in einem sanften Grauton verbindet die Eleganz der Schlichtheit mit einem modernen Design. Der Streifen in der Mitte dieses matten Dekors verleiht ihm einen modernen und stilvollen Touch. Ideal f\u00fcr alle, die einen raffinierten Raum gestalten m\u00f6chten, ohne auf Funktionalit\u00e4t zu verzichten. Perfekt zum Kombinieren mit anderen St\u00fccken aus der Contemporary-Serie.  <\/p>","protected":false},"excerpt":{"rendered":"<p>NELLY MINERAL GRAU 15X15Nelly Mineral Grey 15&#215;15 in einem sanften Grauton verbindet die Eleganz der Schlichtheit mit einem modernen Design. Der Streifen in der Mitte dieses matten Dekors verleiht ihm einen modernen und stilvollen Touch. Ideal f\u00fcr alle, die einen raffinierten Raum gestalten m\u00f6chten, ohne auf Funktionalit\u00e4t zu verzichten. Perfekt zum Kombinieren mit anderen St\u00fccken [&hellip;]<\/p>\n","protected":false},"featured_media":540431,"comment_status":"open","ping_status":"closed","template":"","meta":[],"product_brand":[],"product_cat":[457,458,456,459],"product_tag":[],"class_list":{"0":"post-543906","1":"product","2":"type-product","3":"status-publish","4":"has-post-thumbnail","6":"product_cat-badezimmer","7":"product_cat-kuchen","8":"product_cat-vohnzimmer","9":"product_cat-wandfliesen","11":"first","12":"instock","13":"shipping-taxable","14":"purchasable","15":"product-type-simple"},"_links":{"self":[{"href":"https:\/\/tilefly.com\/de\/wp-json\/wp\/v2\/product\/543906","targetHints":{"allow":["GET"]}}],"collection":[{"href":"https:\/\/tilefly.com\/de\/wp-json\/wp\/v2\/product"}],"about":[{"href":"https:\/\/tilefly.com\/de\/wp-json\/wp\/v2\/types\/product"}],"replies":[{"embeddable":true,"href":"https:\/\/tilefly.com\/de\/wp-json\/wp\/v2\/comments?post=543906"}],"wp:featuredmedia":[{"embeddable":true,"href":"https:\/\/tilefly.com\/de\/wp-json\/wp\/v2\/media\/540431"}],"wp:attachment":[{"href":"https:\/\/tilefly.com\/de\/wp-json\/wp\/v2\/media?parent=543906"}],"wp:term":[{"taxonomy":"product_brand","embeddable":true,"href":"https:\/\/tilefly.com\/de\/wp-json\/wp\/v2\/product_brand?post=543906"},{"taxonomy":"product_cat","embeddable":true,"href":"https:\/\/tilefly.com\/de\/wp-json\/wp\/v2\/product_cat?post=543906"},{"taxonomy":"product_tag","embeddable":true,"href":"https:\/\/tilefly.com\/de\/wp-json\/wp\/v2\/product_tag?post=543906"}],"curies":[{"name":"wp","href":"https:\/\/api.w.org\/{rel}","templated":true}]}}