{"id":543900,"date":"2024-11-07T03:19:12","date_gmt":"2024-11-07T02:19:12","guid":{"rendered":"https:\/\/tilefly.com\/producto\/nelly-aqua-sea-15x15\/"},"modified":"2024-11-10T19:57:47","modified_gmt":"2024-11-10T18:57:47","slug":"nelly-aqua-sea-15x15","status":"publish","type":"product","link":"https:\/\/tilefly.com\/de\/produkt\/nelly-aqua-sea-15x15\/","title":{"rendered":"NELLY AQUA SEA 15X15"},"content":{"rendered":"<h2><strong>NELLY AQUA MEER 15X15<\/strong><\/h2><p>Die Fliese Nelly Aqua Sea 15&#215;15 bringt mit ihrer lebendigen Aquafarbe Frische und Modernit\u00e4t ins Spiel. Der Streifen in der Mitte ist der zeitgen\u00f6ssische Akzent, der diese Fliese auszeichnet, die perfekt f\u00fcr alle ist, die ihre R\u00e4ume innovativ gestalten m\u00f6chten. Die matte Oberfl\u00e4che und das dekorative Design machen sie zu einer idealen Wahl f\u00fcr die Kombination mit anderen Produkten, um eine harmonische und k\u00fchne \u00c4sthetik zu erzielen.  <\/p>","protected":false},"excerpt":{"rendered":"<p>NELLY AQUA MEER 15X15Die Fliese Nelly Aqua Sea 15&#215;15 bringt mit ihrer lebendigen Aquafarbe Frische und Modernit\u00e4t ins Spiel. Der Streifen in der Mitte ist der zeitgen\u00f6ssische Akzent, der diese Fliese auszeichnet, die perfekt f\u00fcr alle ist, die ihre R\u00e4ume innovativ gestalten m\u00f6chten. Die matte Oberfl\u00e4che und das dekorative Design machen sie zu einer idealen [&hellip;]<\/p>\n","protected":false},"featured_media":540418,"comment_status":"open","ping_status":"closed","template":"","meta":[],"product_brand":[],"product_cat":[457,458,456,459],"product_tag":[],"class_list":{"0":"post-543900","1":"product","2":"type-product","3":"status-publish","4":"has-post-thumbnail","6":"product_cat-badezimmer","7":"product_cat-kuchen","8":"product_cat-vohnzimmer","9":"product_cat-wandfliesen","11":"first","12":"instock","13":"shipping-taxable","14":"purchasable","15":"product-type-simple"},"_links":{"self":[{"href":"https:\/\/tilefly.com\/de\/wp-json\/wp\/v2\/product\/543900","targetHints":{"allow":["GET"]}}],"collection":[{"href":"https:\/\/tilefly.com\/de\/wp-json\/wp\/v2\/product"}],"about":[{"href":"https:\/\/tilefly.com\/de\/wp-json\/wp\/v2\/types\/product"}],"replies":[{"embeddable":true,"href":"https:\/\/tilefly.com\/de\/wp-json\/wp\/v2\/comments?post=543900"}],"wp:featuredmedia":[{"embeddable":true,"href":"https:\/\/tilefly.com\/de\/wp-json\/wp\/v2\/media\/540418"}],"wp:attachment":[{"href":"https:\/\/tilefly.com\/de\/wp-json\/wp\/v2\/media?parent=543900"}],"wp:term":[{"taxonomy":"product_brand","embeddable":true,"href":"https:\/\/tilefly.com\/de\/wp-json\/wp\/v2\/product_brand?post=543900"},{"taxonomy":"product_cat","embeddable":true,"href":"https:\/\/tilefly.com\/de\/wp-json\/wp\/v2\/product_cat?post=543900"},{"taxonomy":"product_tag","embeddable":true,"href":"https:\/\/tilefly.com\/de\/wp-json\/wp\/v2\/product_tag?post=543900"}],"curies":[{"name":"wp","href":"https:\/\/api.w.org\/{rel}","templated":true}]}}