{"id":543892,"date":"2024-11-07T03:19:02","date_gmt":"2024-11-07T02:19:02","guid":{"rendered":"https:\/\/tilefly.com\/producto\/contemporary-obsidian-15x15\/"},"modified":"2024-11-10T19:57:28","modified_gmt":"2024-11-10T18:57:28","slug":"contemporary-obsidian-15x15","status":"publish","type":"product","link":"https:\/\/tilefly.com\/de\/produkt\/contemporary-obsidian-15x15\/","title":{"rendered":"CONTEMPORARY OBSIDIAN 15X15"},"content":{"rendered":"<h2><strong>ZEITGEN\u00d6SSISCHER OBSIDIAN 15X15<\/strong><\/h2><p>Contemporary Obsidian 15&#215;15 in seinem dunkelgrauen Farbton bietet einen k\u00fchnen und raffinierten Look. Mit ihrer matten Oberfl\u00e4che und den rutschhemmenden Eigenschaften ist dieses dekorierte Feinsteinzeug perfekt f\u00fcr alle, die eine moderne und selbstbewusste \u00c4sthetik suchen. Dank ihrer Vielseitigkeit l\u00e4sst sie sich leicht mit anderen Produkten kombinieren und spiegelt die Essenz von &#8216;The Perfect Mix&#8217; in jedem Projekt wider.  <\/p>","protected":false},"excerpt":{"rendered":"<p>ZEITGEN\u00d6SSISCHER OBSIDIAN 15X15Contemporary Obsidian 15&#215;15 in seinem dunkelgrauen Farbton bietet einen k\u00fchnen und raffinierten Look. Mit ihrer matten Oberfl\u00e4che und den rutschhemmenden Eigenschaften ist dieses dekorierte Feinsteinzeug perfekt f\u00fcr alle, die eine moderne und selbstbewusste \u00c4sthetik suchen. Dank ihrer Vielseitigkeit l\u00e4sst sie sich leicht mit anderen Produkten kombinieren und spiegelt die Essenz von &#8216;The Perfect [&hellip;]<\/p>\n","protected":false},"featured_media":540379,"comment_status":"open","ping_status":"closed","template":"","meta":[],"product_brand":[],"product_cat":[457,458,456,459],"product_tag":[],"class_list":{"0":"post-543892","1":"product","2":"type-product","3":"status-publish","4":"has-post-thumbnail","6":"product_cat-badezimmer","7":"product_cat-kuchen","8":"product_cat-vohnzimmer","9":"product_cat-wandfliesen","11":"first","12":"outofstock","13":"shipping-taxable","14":"purchasable","15":"product-type-simple"},"_links":{"self":[{"href":"https:\/\/tilefly.com\/de\/wp-json\/wp\/v2\/product\/543892","targetHints":{"allow":["GET"]}}],"collection":[{"href":"https:\/\/tilefly.com\/de\/wp-json\/wp\/v2\/product"}],"about":[{"href":"https:\/\/tilefly.com\/de\/wp-json\/wp\/v2\/types\/product"}],"replies":[{"embeddable":true,"href":"https:\/\/tilefly.com\/de\/wp-json\/wp\/v2\/comments?post=543892"}],"wp:featuredmedia":[{"embeddable":true,"href":"https:\/\/tilefly.com\/de\/wp-json\/wp\/v2\/media\/540379"}],"wp:attachment":[{"href":"https:\/\/tilefly.com\/de\/wp-json\/wp\/v2\/media?parent=543892"}],"wp:term":[{"taxonomy":"product_brand","embeddable":true,"href":"https:\/\/tilefly.com\/de\/wp-json\/wp\/v2\/product_brand?post=543892"},{"taxonomy":"product_cat","embeddable":true,"href":"https:\/\/tilefly.com\/de\/wp-json\/wp\/v2\/product_cat?post=543892"},{"taxonomy":"product_tag","embeddable":true,"href":"https:\/\/tilefly.com\/de\/wp-json\/wp\/v2\/product_tag?post=543892"}],"curies":[{"name":"wp","href":"https:\/\/api.w.org\/{rel}","templated":true}]}}