{"id":543891,"date":"2024-11-07T03:18:55","date_gmt":"2024-11-07T02:18:55","guid":{"rendered":"https:\/\/tilefly.com\/producto\/contemporary-ash-rose-15x15\/"},"modified":"2024-11-10T19:57:25","modified_gmt":"2024-11-10T18:57:25","slug":"contemporary-ash-rose-15x15","status":"publish","type":"product","link":"https:\/\/tilefly.com\/de\/produkt\/contemporary-ash-rose-15x15\/","title":{"rendered":"CONTEMPORARY ASH ROSE 15X15"},"content":{"rendered":"<h2><strong>ZEITGEN\u00d6SSISCHE ESCHE ROSE 15X15<\/strong><\/h2><p>Die Fliese Contemporary Ash Rose 15&#215;15 mit ihrem eleganten aschrosa Ton bringt Raffinesse in jede Umgebung. Ihre matte Oberfl\u00e4che und die rutschfeste Textur machen sie zu einem funktionalen und stilvollen St\u00fcck. Diese dekorierte Bodenfliese aus Feinsteinzeug ist ideal f\u00fcr gewagte Kombinationen und l\u00e4dt Sie dazu ein, neue M\u00f6glichkeiten der Innenraumgestaltung zu entdecken.  <\/p>","protected":false},"excerpt":{"rendered":"<p>ZEITGEN\u00d6SSISCHE ESCHE ROSE 15X15Die Fliese Contemporary Ash Rose 15&#215;15 mit ihrem eleganten aschrosa Ton bringt Raffinesse in jede Umgebung. Ihre matte Oberfl\u00e4che und die rutschfeste Textur machen sie zu einem funktionalen und stilvollen St\u00fcck. Diese dekorierte Bodenfliese aus Feinsteinzeug ist ideal f\u00fcr gewagte Kombinationen und l\u00e4dt Sie dazu ein, neue M\u00f6glichkeiten der Innenraumgestaltung zu entdecken.<\/p>\n","protected":false},"featured_media":540353,"comment_status":"open","ping_status":"closed","template":"","meta":[],"product_brand":[],"product_cat":[457,458,456,459],"product_tag":[],"class_list":{"0":"post-543891","1":"product","2":"type-product","3":"status-publish","4":"has-post-thumbnail","6":"product_cat-badezimmer","7":"product_cat-kuchen","8":"product_cat-vohnzimmer","9":"product_cat-wandfliesen","11":"first","12":"instock","13":"shipping-taxable","14":"purchasable","15":"product-type-simple"},"_links":{"self":[{"href":"https:\/\/tilefly.com\/de\/wp-json\/wp\/v2\/product\/543891","targetHints":{"allow":["GET"]}}],"collection":[{"href":"https:\/\/tilefly.com\/de\/wp-json\/wp\/v2\/product"}],"about":[{"href":"https:\/\/tilefly.com\/de\/wp-json\/wp\/v2\/types\/product"}],"replies":[{"embeddable":true,"href":"https:\/\/tilefly.com\/de\/wp-json\/wp\/v2\/comments?post=543891"}],"wp:featuredmedia":[{"embeddable":true,"href":"https:\/\/tilefly.com\/de\/wp-json\/wp\/v2\/media\/540353"}],"wp:attachment":[{"href":"https:\/\/tilefly.com\/de\/wp-json\/wp\/v2\/media?parent=543891"}],"wp:term":[{"taxonomy":"product_brand","embeddable":true,"href":"https:\/\/tilefly.com\/de\/wp-json\/wp\/v2\/product_brand?post=543891"},{"taxonomy":"product_cat","embeddable":true,"href":"https:\/\/tilefly.com\/de\/wp-json\/wp\/v2\/product_cat?post=543891"},{"taxonomy":"product_tag","embeddable":true,"href":"https:\/\/tilefly.com\/de\/wp-json\/wp\/v2\/product_tag?post=543891"}],"curies":[{"name":"wp","href":"https:\/\/api.w.org\/{rel}","templated":true}]}}