{"id":543887,"date":"2024-11-07T03:18:58","date_gmt":"2024-11-07T02:18:58","guid":{"rendered":"https:\/\/tilefly.com\/producto\/contemporary-forest-15x15\/"},"modified":"2024-11-10T19:57:17","modified_gmt":"2024-11-10T18:57:17","slug":"contemporary-forest-15x15","status":"publish","type":"product","link":"https:\/\/tilefly.com\/de\/produkt\/contemporary-forest-15x15\/","title":{"rendered":"CONTEMPORARY FOREST 15X15"},"content":{"rendered":"<h2><strong>MODERNER WALD 15X15<\/strong><\/h2><p>In einem tiefen Gr\u00fcnton erinnert die Fliese Contemporary Forest 15&#215;15 an die Frische der Natur mit einer modernen Note. Ihr mattes Finish und die rutschfeste Oberfl\u00e4che machen sie ideal f\u00fcr R\u00e4ume, in denen Stil und Sicherheit gefragt sind. Als Teil einer Kollektion, die aus der Reihe tanzt, k\u00f6nnen Sie mit dieser Fliese einzigartige Kombinationen voller Pers\u00f6nlichkeit schaffen.  <\/p>","protected":false},"excerpt":{"rendered":"<p>MODERNER WALD 15X15In einem tiefen Gr\u00fcnton erinnert die Fliese Contemporary Forest 15&#215;15 an die Frische der Natur mit einer modernen Note. Ihr mattes Finish und die rutschfeste Oberfl\u00e4che machen sie ideal f\u00fcr R\u00e4ume, in denen Stil und Sicherheit gefragt sind. Als Teil einer Kollektion, die aus der Reihe tanzt, k\u00f6nnen Sie mit dieser Fliese einzigartige [&hellip;]<\/p>\n","protected":false},"featured_media":540366,"comment_status":"open","ping_status":"closed","template":"","meta":[],"product_brand":[],"product_cat":[457,458,456,459],"product_tag":[],"class_list":{"0":"post-543887","1":"product","2":"type-product","3":"status-publish","4":"has-post-thumbnail","6":"product_cat-badezimmer","7":"product_cat-kuchen","8":"product_cat-vohnzimmer","9":"product_cat-wandfliesen","11":"first","12":"outofstock","13":"shipping-taxable","14":"purchasable","15":"product-type-simple"},"_links":{"self":[{"href":"https:\/\/tilefly.com\/de\/wp-json\/wp\/v2\/product\/543887","targetHints":{"allow":["GET"]}}],"collection":[{"href":"https:\/\/tilefly.com\/de\/wp-json\/wp\/v2\/product"}],"about":[{"href":"https:\/\/tilefly.com\/de\/wp-json\/wp\/v2\/types\/product"}],"replies":[{"embeddable":true,"href":"https:\/\/tilefly.com\/de\/wp-json\/wp\/v2\/comments?post=543887"}],"wp:featuredmedia":[{"embeddable":true,"href":"https:\/\/tilefly.com\/de\/wp-json\/wp\/v2\/media\/540366"}],"wp:attachment":[{"href":"https:\/\/tilefly.com\/de\/wp-json\/wp\/v2\/media?parent=543887"}],"wp:term":[{"taxonomy":"product_brand","embeddable":true,"href":"https:\/\/tilefly.com\/de\/wp-json\/wp\/v2\/product_brand?post=543887"},{"taxonomy":"product_cat","embeddable":true,"href":"https:\/\/tilefly.com\/de\/wp-json\/wp\/v2\/product_cat?post=543887"},{"taxonomy":"product_tag","embeddable":true,"href":"https:\/\/tilefly.com\/de\/wp-json\/wp\/v2\/product_tag?post=543887"}],"curies":[{"name":"wp","href":"https:\/\/api.w.org\/{rel}","templated":true}]}}