{"id":543882,"date":"2024-11-07T03:18:46","date_gmt":"2024-11-07T02:18:46","guid":{"rendered":"https:\/\/tilefly.com\/producto\/contemporary-aqua-sea-15x15\/"},"modified":"2024-11-10T19:56:59","modified_gmt":"2024-11-10T18:56:59","slug":"contemporary-aqua-sea-15x15","status":"publish","type":"product","link":"https:\/\/tilefly.com\/de\/produkt\/contemporary-aqua-sea-15x15\/","title":{"rendered":"CONTEMPORARY AQUA SEA 15X15"},"content":{"rendered":"<h2><strong>ZEITGEN\u00d6SSISCHES AQUA MEER 15X15<\/strong><\/h2><p>Die Fliese Contemporary Aqua Sea 15&#215;15 in einem leuchtenden Aquaton wird zum Protagonisten eines jeden Raumes. Ihre matte Oberfl\u00e4che, das innovative Dekor und die rutschhemmenden Eigenschaften machen sie funktionell und stilvoll. Diese Fliese steht f\u00fcr das Konzept &#8216;The Perfect Mix&#8217;, wodurch sie sich leicht mit anderen Elementen kombinieren l\u00e4sst und in jeder Umgebung \u00fcberraschende Ergebnisse liefert.  <\/p>","protected":false},"excerpt":{"rendered":"<p>ZEITGEN\u00d6SSISCHES AQUA MEER 15X15Die Fliese Contemporary Aqua Sea 15&#215;15 in einem leuchtenden Aquaton wird zum Protagonisten eines jeden Raumes. Ihre matte Oberfl\u00e4che, das innovative Dekor und die rutschhemmenden Eigenschaften machen sie funktionell und stilvoll. Diese Fliese steht f\u00fcr das Konzept &#8216;The Perfect Mix&#8217;, wodurch sie sich leicht mit anderen Elementen kombinieren l\u00e4sst und in jeder [&hellip;]<\/p>\n","protected":false},"featured_media":540314,"comment_status":"open","ping_status":"closed","template":"","meta":[],"product_brand":[],"product_cat":[457,458,456,459],"product_tag":[],"class_list":{"0":"post-543882","1":"product","2":"type-product","3":"status-publish","4":"has-post-thumbnail","6":"product_cat-badezimmer","7":"product_cat-kuchen","8":"product_cat-vohnzimmer","9":"product_cat-wandfliesen","11":"first","12":"instock","13":"shipping-taxable","14":"purchasable","15":"product-type-simple"},"_links":{"self":[{"href":"https:\/\/tilefly.com\/de\/wp-json\/wp\/v2\/product\/543882","targetHints":{"allow":["GET"]}}],"collection":[{"href":"https:\/\/tilefly.com\/de\/wp-json\/wp\/v2\/product"}],"about":[{"href":"https:\/\/tilefly.com\/de\/wp-json\/wp\/v2\/types\/product"}],"replies":[{"embeddable":true,"href":"https:\/\/tilefly.com\/de\/wp-json\/wp\/v2\/comments?post=543882"}],"wp:featuredmedia":[{"embeddable":true,"href":"https:\/\/tilefly.com\/de\/wp-json\/wp\/v2\/media\/540314"}],"wp:attachment":[{"href":"https:\/\/tilefly.com\/de\/wp-json\/wp\/v2\/media?parent=543882"}],"wp:term":[{"taxonomy":"product_brand","embeddable":true,"href":"https:\/\/tilefly.com\/de\/wp-json\/wp\/v2\/product_brand?post=543882"},{"taxonomy":"product_cat","embeddable":true,"href":"https:\/\/tilefly.com\/de\/wp-json\/wp\/v2\/product_cat?post=543882"},{"taxonomy":"product_tag","embeddable":true,"href":"https:\/\/tilefly.com\/de\/wp-json\/wp\/v2\/product_tag?post=543882"}],"curies":[{"name":"wp","href":"https:\/\/api.w.org\/{rel}","templated":true}]}}