{"id":543876,"date":"2024-11-07T03:18:43","date_gmt":"2024-11-07T02:18:43","guid":{"rendered":"https:\/\/tilefly.com\/producto\/contemporary-bluestone-15x15\/"},"modified":"2024-11-10T19:56:49","modified_gmt":"2024-11-10T18:56:49","slug":"contemporary-bluestone-15x15","status":"publish","type":"product","link":"https:\/\/tilefly.com\/de\/produkt\/contemporary-bluestone-15x15\/","title":{"rendered":"CONTEMPORARY BLUESTONE 15X15"},"content":{"rendered":"<h2><strong>ZEITGEN\u00d6SSISCHER BLAUSTEIN 15X15<\/strong><\/h2><p>Die zeitgen\u00f6ssische Fliese Bluestone 15&#215;15 in ihrem tiefen Blauton bringt ein frisches und l\u00e4ssiges Gef\u00fchl in jede Umgebung. Mit ihrem matten Finish, dem dezenten Dekor und der rutschfesten Oberfl\u00e4che l\u00e4dt dieses Feinsteinzeug dazu ein, sich von traditionellen Einrichtungskonzepten zu l\u00f6sen. Sie l\u00e4sst sich ideal mit anderen Produkten kombinieren und ist eine Option, mit der Sie einzigartige und anspruchsvolle R\u00e4ume schaffen k\u00f6nnen.  <\/p>","protected":false},"excerpt":{"rendered":"<p>ZEITGEN\u00d6SSISCHER BLAUSTEIN 15X15Die zeitgen\u00f6ssische Fliese Bluestone 15&#215;15 in ihrem tiefen Blauton bringt ein frisches und l\u00e4ssiges Gef\u00fchl in jede Umgebung. Mit ihrem matten Finish, dem dezenten Dekor und der rutschfesten Oberfl\u00e4che l\u00e4dt dieses Feinsteinzeug dazu ein, sich von traditionellen Einrichtungskonzepten zu l\u00f6sen. Sie l\u00e4sst sich ideal mit anderen Produkten kombinieren und ist eine Option, mit [&hellip;]<\/p>\n","protected":false},"featured_media":540301,"comment_status":"open","ping_status":"closed","template":"","meta":[],"product_brand":[],"product_cat":[457,458,456,459],"product_tag":[],"class_list":{"0":"post-543876","1":"product","2":"type-product","3":"status-publish","4":"has-post-thumbnail","6":"product_cat-badezimmer","7":"product_cat-kuchen","8":"product_cat-vohnzimmer","9":"product_cat-wandfliesen","11":"first","12":"instock","13":"shipping-taxable","14":"purchasable","15":"product-type-simple"},"_links":{"self":[{"href":"https:\/\/tilefly.com\/de\/wp-json\/wp\/v2\/product\/543876","targetHints":{"allow":["GET"]}}],"collection":[{"href":"https:\/\/tilefly.com\/de\/wp-json\/wp\/v2\/product"}],"about":[{"href":"https:\/\/tilefly.com\/de\/wp-json\/wp\/v2\/types\/product"}],"replies":[{"embeddable":true,"href":"https:\/\/tilefly.com\/de\/wp-json\/wp\/v2\/comments?post=543876"}],"wp:featuredmedia":[{"embeddable":true,"href":"https:\/\/tilefly.com\/de\/wp-json\/wp\/v2\/media\/540301"}],"wp:attachment":[{"href":"https:\/\/tilefly.com\/de\/wp-json\/wp\/v2\/media?parent=543876"}],"wp:term":[{"taxonomy":"product_brand","embeddable":true,"href":"https:\/\/tilefly.com\/de\/wp-json\/wp\/v2\/product_brand?post=543876"},{"taxonomy":"product_cat","embeddable":true,"href":"https:\/\/tilefly.com\/de\/wp-json\/wp\/v2\/product_cat?post=543876"},{"taxonomy":"product_tag","embeddable":true,"href":"https:\/\/tilefly.com\/de\/wp-json\/wp\/v2\/product_tag?post=543876"}],"curies":[{"name":"wp","href":"https:\/\/api.w.org\/{rel}","templated":true}]}}