{"id":543870,"date":"2024-11-07T02:46:58","date_gmt":"2024-11-07T01:46:58","guid":{"rendered":"https:\/\/tilefly.com\/producto\/incision-acquarella-graphite-20x20\/"},"modified":"2024-11-10T19:55:35","modified_gmt":"2024-11-10T18:55:35","slug":"incision-acquarella-graphite-20x20","status":"publish","type":"product","link":"https:\/\/tilefly.com\/de\/produkt\/incision-acquarella-graphite-20x20\/","title":{"rendered":"INCISION ACQUARELLA GRAPHITE 20X20"},"content":{"rendered":"<h2><strong>EINSCHNITT ACQUARELLA GRAPHIT 20X20<\/strong><\/h2><p>Die Fliese Incision Acquarella Graphite 20&#215;20 in einem tiefen Graphit-Farbton bringt einen k\u00fchnen und modernen Stil. Dank ihrer Einschnitte wirkt diese Fliese wie mehrere kleine St\u00fccke, die ihr Struktur und Raffinesse verleihen. Mit ihrer mattwei\u00dfen Pastenoberfl\u00e4che ist sie ideal f\u00fcr alle, die ein auff\u00e4lliges, modernes Design mit handwerklichem Charakter suchen.  <\/p>","protected":false},"excerpt":{"rendered":"<p>EINSCHNITT ACQUARELLA GRAPHIT 20X20Die Fliese Incision Acquarella Graphite 20&#215;20 in einem tiefen Graphit-Farbton bringt einen k\u00fchnen und modernen Stil. Dank ihrer Einschnitte wirkt diese Fliese wie mehrere kleine St\u00fccke, die ihr Struktur und Raffinesse verleihen. Mit ihrer mattwei\u00dfen Pastenoberfl\u00e4che ist sie ideal f\u00fcr alle, die ein auff\u00e4lliges, modernes Design mit handwerklichem Charakter suchen.<\/p>\n","protected":false},"featured_media":540272,"comment_status":"open","ping_status":"closed","template":"","meta":[],"product_brand":[],"product_cat":[457,458,459],"product_tag":[],"class_list":{"0":"post-543870","1":"product","2":"type-product","3":"status-publish","4":"has-post-thumbnail","6":"product_cat-badezimmer","7":"product_cat-kuchen","8":"product_cat-wandfliesen","10":"first","11":"instock","12":"shipping-taxable","13":"purchasable","14":"product-type-simple"},"_links":{"self":[{"href":"https:\/\/tilefly.com\/de\/wp-json\/wp\/v2\/product\/543870","targetHints":{"allow":["GET"]}}],"collection":[{"href":"https:\/\/tilefly.com\/de\/wp-json\/wp\/v2\/product"}],"about":[{"href":"https:\/\/tilefly.com\/de\/wp-json\/wp\/v2\/types\/product"}],"replies":[{"embeddable":true,"href":"https:\/\/tilefly.com\/de\/wp-json\/wp\/v2\/comments?post=543870"}],"wp:featuredmedia":[{"embeddable":true,"href":"https:\/\/tilefly.com\/de\/wp-json\/wp\/v2\/media\/540272"}],"wp:attachment":[{"href":"https:\/\/tilefly.com\/de\/wp-json\/wp\/v2\/media?parent=543870"}],"wp:term":[{"taxonomy":"product_brand","embeddable":true,"href":"https:\/\/tilefly.com\/de\/wp-json\/wp\/v2\/product_brand?post=543870"},{"taxonomy":"product_cat","embeddable":true,"href":"https:\/\/tilefly.com\/de\/wp-json\/wp\/v2\/product_cat?post=543870"},{"taxonomy":"product_tag","embeddable":true,"href":"https:\/\/tilefly.com\/de\/wp-json\/wp\/v2\/product_tag?post=543870"}],"curies":[{"name":"wp","href":"https:\/\/api.w.org\/{rel}","templated":true}]}}