{"id":543869,"date":"2024-11-07T03:18:40","date_gmt":"2024-11-07T02:18:40","guid":{"rendered":"https:\/\/tilefly.com\/producto\/contemporary-coconut-milk-15x15\/"},"modified":"2024-11-10T19:55:32","modified_gmt":"2024-11-10T18:55:32","slug":"contemporary-coconut-milk-15x15","status":"publish","type":"product","link":"https:\/\/tilefly.com\/de\/produkt\/contemporary-coconut-milk-15x15\/","title":{"rendered":"CONTEMPORARY COCONUT MILK 15X15"},"content":{"rendered":"<h2><strong>ZEITGEN\u00d6SSISCHE KOKOSNUSSMILCH 15X15<\/strong><\/h2><p>Die Fliese Contemporary Coconut Milk 15&#215;15 hat einen sanften wei\u00dfen Farbton, der Eleganz in der Inneneinrichtung neu definiert. Die matte Oberfl\u00e4che und die rutschfeste Textur machen sie ideal f\u00fcr jeden Raum, in dem Sicherheit und Stil im Gleichgewicht sein sollen. Als Teil einer k\u00fchnen Kollektion l\u00e4sst sich diese dekorierte Feinsteinzeugfliese perfekt mit anderen Designs kombinieren und bietet einen Hauch von Modernit\u00e4t, der sich \u00fcber Konventionen hinwegsetzt.  <\/p>","protected":false},"excerpt":{"rendered":"<p>ZEITGEN\u00d6SSISCHE KOKOSNUSSMILCH 15X15Die Fliese Contemporary Coconut Milk 15&#215;15 hat einen sanften wei\u00dfen Farbton, der Eleganz in der Inneneinrichtung neu definiert. Die matte Oberfl\u00e4che und die rutschfeste Textur machen sie ideal f\u00fcr jeden Raum, in dem Sicherheit und Stil im Gleichgewicht sein sollen. Als Teil einer k\u00fchnen Kollektion l\u00e4sst sich diese dekorierte Feinsteinzeugfliese perfekt mit anderen [&hellip;]<\/p>\n","protected":false},"featured_media":540288,"comment_status":"open","ping_status":"closed","template":"","meta":[],"product_brand":[],"product_cat":[457,458,456,459],"product_tag":[],"class_list":{"0":"post-543869","1":"product","2":"type-product","3":"status-publish","4":"has-post-thumbnail","6":"product_cat-badezimmer","7":"product_cat-kuchen","8":"product_cat-vohnzimmer","9":"product_cat-wandfliesen","11":"first","12":"instock","13":"shipping-taxable","14":"purchasable","15":"product-type-simple"},"_links":{"self":[{"href":"https:\/\/tilefly.com\/de\/wp-json\/wp\/v2\/product\/543869","targetHints":{"allow":["GET"]}}],"collection":[{"href":"https:\/\/tilefly.com\/de\/wp-json\/wp\/v2\/product"}],"about":[{"href":"https:\/\/tilefly.com\/de\/wp-json\/wp\/v2\/types\/product"}],"replies":[{"embeddable":true,"href":"https:\/\/tilefly.com\/de\/wp-json\/wp\/v2\/comments?post=543869"}],"wp:featuredmedia":[{"embeddable":true,"href":"https:\/\/tilefly.com\/de\/wp-json\/wp\/v2\/media\/540288"}],"wp:attachment":[{"href":"https:\/\/tilefly.com\/de\/wp-json\/wp\/v2\/media?parent=543869"}],"wp:term":[{"taxonomy":"product_brand","embeddable":true,"href":"https:\/\/tilefly.com\/de\/wp-json\/wp\/v2\/product_brand?post=543869"},{"taxonomy":"product_cat","embeddable":true,"href":"https:\/\/tilefly.com\/de\/wp-json\/wp\/v2\/product_cat?post=543869"},{"taxonomy":"product_tag","embeddable":true,"href":"https:\/\/tilefly.com\/de\/wp-json\/wp\/v2\/product_tag?post=543869"}],"curies":[{"name":"wp","href":"https:\/\/api.w.org\/{rel}","templated":true}]}}