{"id":543864,"date":"2024-11-07T02:46:54","date_gmt":"2024-11-07T01:46:54","guid":{"rendered":"https:\/\/tilefly.com\/producto\/incision-acquarella-rose-20x20\/"},"modified":"2024-11-10T19:55:02","modified_gmt":"2024-11-10T18:55:02","slug":"incision-acquarella-rose-20x20","status":"publish","type":"product","link":"https:\/\/tilefly.com\/de\/produkt\/incision-acquarella-rose-20x20\/","title":{"rendered":"INCISION ACQUARELLA ROSE 20X20"},"content":{"rendered":"<h2><strong>EINSCHNITT ACQUARELLA ROSE 20X20<\/strong><\/h2><p>Der zarte Rosaton der Fliese Incision Acquarella Rose 20&#215;20 verleiht jedem Raum Charme und Sanftheit. Die Einschnitte erwecken den Eindruck, als ob sie aus mehreren kleinen St\u00fccken bestehen w\u00fcrde, und doch ist sie ein einziges St\u00fcck. Die Fliese aus wei\u00dfem Scherben mit matter Oberfl\u00e4che ist perfekt f\u00fcr alle, die einen romantischen, detaillierten Stil mit einem Hauch von moderner Handwerkskunst w\u00fcnschen.  <\/p>","protected":false},"excerpt":{"rendered":"<p>EINSCHNITT ACQUARELLA ROSE 20X20Der zarte Rosaton der Fliese Incision Acquarella Rose 20&#215;20 verleiht jedem Raum Charme und Sanftheit. Die Einschnitte erwecken den Eindruck, als ob sie aus mehreren kleinen St\u00fccken bestehen w\u00fcrde, und doch ist sie ein einziges St\u00fcck. Die Fliese aus wei\u00dfem Scherben mit matter Oberfl\u00e4che ist perfekt f\u00fcr alle, die einen romantischen, detaillierten [&hellip;]<\/p>\n","protected":false},"featured_media":540259,"comment_status":"open","ping_status":"closed","template":"","meta":[],"product_brand":[],"product_cat":[457,458,459],"product_tag":[],"class_list":{"0":"post-543864","1":"product","2":"type-product","3":"status-publish","4":"has-post-thumbnail","6":"product_cat-badezimmer","7":"product_cat-kuchen","8":"product_cat-wandfliesen","10":"first","11":"instock","12":"shipping-taxable","13":"purchasable","14":"product-type-simple"},"_links":{"self":[{"href":"https:\/\/tilefly.com\/de\/wp-json\/wp\/v2\/product\/543864","targetHints":{"allow":["GET"]}}],"collection":[{"href":"https:\/\/tilefly.com\/de\/wp-json\/wp\/v2\/product"}],"about":[{"href":"https:\/\/tilefly.com\/de\/wp-json\/wp\/v2\/types\/product"}],"replies":[{"embeddable":true,"href":"https:\/\/tilefly.com\/de\/wp-json\/wp\/v2\/comments?post=543864"}],"wp:featuredmedia":[{"embeddable":true,"href":"https:\/\/tilefly.com\/de\/wp-json\/wp\/v2\/media\/540259"}],"wp:attachment":[{"href":"https:\/\/tilefly.com\/de\/wp-json\/wp\/v2\/media?parent=543864"}],"wp:term":[{"taxonomy":"product_brand","embeddable":true,"href":"https:\/\/tilefly.com\/de\/wp-json\/wp\/v2\/product_brand?post=543864"},{"taxonomy":"product_cat","embeddable":true,"href":"https:\/\/tilefly.com\/de\/wp-json\/wp\/v2\/product_cat?post=543864"},{"taxonomy":"product_tag","embeddable":true,"href":"https:\/\/tilefly.com\/de\/wp-json\/wp\/v2\/product_tag?post=543864"}],"curies":[{"name":"wp","href":"https:\/\/api.w.org\/{rel}","templated":true}]}}