{"id":543863,"date":"2024-11-07T02:46:49","date_gmt":"2024-11-07T01:46:49","guid":{"rendered":"https:\/\/tilefly.com\/producto\/incision-acquarella-ivory-20x20\/"},"modified":"2024-11-10T19:54:59","modified_gmt":"2024-11-10T18:54:59","slug":"incision-acquarella-ivory-20x20","status":"publish","type":"product","link":"https:\/\/tilefly.com\/de\/produkt\/incision-acquarella-ivory-20x20\/","title":{"rendered":"INCISION ACQUARELLA IVORY 20X20"},"content":{"rendered":"<h2><strong>INZISION ACARELLA ELFENBEIN 20X20<\/strong><\/h2><p>Der Elfenbeinton der Fliese Incision Acquarella Ivory 20&#215;20 sorgt f\u00fcr W\u00e4rme und raffinierten Stil. Mit einem eingeschnittenen Design, das mehrere kleine St\u00fccke simuliert, bietet dieses einzelne komplette St\u00fcck einen handgefertigten und einzigartigen Look. Sie ist aus wei\u00dfem Scherben mit einer matten Oberfl\u00e4che gefertigt und eignet sich perfekt f\u00fcr alle, die ein einladendes und detailliertes Ambiente in ihrer Einrichtung w\u00fcnschen.  <\/p>","protected":false},"excerpt":{"rendered":"<p>INZISION ACARELLA ELFENBEIN 20X20Der Elfenbeinton der Fliese Incision Acquarella Ivory 20&#215;20 sorgt f\u00fcr W\u00e4rme und raffinierten Stil. Mit einem eingeschnittenen Design, das mehrere kleine St\u00fccke simuliert, bietet dieses einzelne komplette St\u00fcck einen handgefertigten und einzigartigen Look. Sie ist aus wei\u00dfem Scherben mit einer matten Oberfl\u00e4che gefertigt und eignet sich perfekt f\u00fcr alle, die ein einladendes [&hellip;]<\/p>\n","protected":false},"featured_media":540233,"comment_status":"open","ping_status":"closed","template":"","meta":[],"product_brand":[],"product_cat":[457,458,459],"product_tag":[],"class_list":{"0":"post-543863","1":"product","2":"type-product","3":"status-publish","4":"has-post-thumbnail","6":"product_cat-badezimmer","7":"product_cat-kuchen","8":"product_cat-wandfliesen","10":"first","11":"instock","12":"shipping-taxable","13":"purchasable","14":"product-type-simple"},"_links":{"self":[{"href":"https:\/\/tilefly.com\/de\/wp-json\/wp\/v2\/product\/543863","targetHints":{"allow":["GET"]}}],"collection":[{"href":"https:\/\/tilefly.com\/de\/wp-json\/wp\/v2\/product"}],"about":[{"href":"https:\/\/tilefly.com\/de\/wp-json\/wp\/v2\/types\/product"}],"replies":[{"embeddable":true,"href":"https:\/\/tilefly.com\/de\/wp-json\/wp\/v2\/comments?post=543863"}],"wp:featuredmedia":[{"embeddable":true,"href":"https:\/\/tilefly.com\/de\/wp-json\/wp\/v2\/media\/540233"}],"wp:attachment":[{"href":"https:\/\/tilefly.com\/de\/wp-json\/wp\/v2\/media?parent=543863"}],"wp:term":[{"taxonomy":"product_brand","embeddable":true,"href":"https:\/\/tilefly.com\/de\/wp-json\/wp\/v2\/product_brand?post=543863"},{"taxonomy":"product_cat","embeddable":true,"href":"https:\/\/tilefly.com\/de\/wp-json\/wp\/v2\/product_cat?post=543863"},{"taxonomy":"product_tag","embeddable":true,"href":"https:\/\/tilefly.com\/de\/wp-json\/wp\/v2\/product_tag?post=543863"}],"curies":[{"name":"wp","href":"https:\/\/api.w.org\/{rel}","templated":true}]}}