{"id":543859,"date":"2024-11-07T02:46:52","date_gmt":"2024-11-07T01:46:52","guid":{"rendered":"https:\/\/tilefly.com\/producto\/incision-acquarella-light-green-20x20\/"},"modified":"2024-11-10T19:54:52","modified_gmt":"2024-11-10T18:54:52","slug":"incision-acquarella-light-green-20x20","status":"publish","type":"product","link":"https:\/\/tilefly.com\/de\/produkt\/incision-acquarella-light-green-20x20\/","title":{"rendered":"INCISION ACQUARELLA LIGHT GREEN 20X20"},"content":{"rendered":"<h2><strong>INZISION ACARELLA HELLGR\u00dcN 20X20<\/strong><\/h2><p>Der helle Gr\u00fcnton von Incision Acquarella Light Green 20&#215;20 erinnert an Frische und Nat\u00fcrlichkeit. Ihr Design mit Einschnitten, die sie wie mehrere St\u00fccke in einem erscheinen lassen, erzeugt einen dynamischen und handwerklichen visuellen Effekt. Mit ihrer matten Oberfl\u00e4che und dem wei\u00dfen Pastengrund ist diese Fliese ideal f\u00fcr R\u00e4ume, die einen Hauch von Natur und Modernit\u00e4t suchen.  <\/p>","protected":false},"excerpt":{"rendered":"<p>INZISION ACARELLA HELLGR\u00dcN 20X20Der helle Gr\u00fcnton von Incision Acquarella Light Green 20&#215;20 erinnert an Frische und Nat\u00fcrlichkeit. Ihr Design mit Einschnitten, die sie wie mehrere St\u00fccke in einem erscheinen lassen, erzeugt einen dynamischen und handwerklichen visuellen Effekt. Mit ihrer matten Oberfl\u00e4che und dem wei\u00dfen Pastengrund ist diese Fliese ideal f\u00fcr R\u00e4ume, die einen Hauch von [&hellip;]<\/p>\n","protected":false},"featured_media":540246,"comment_status":"open","ping_status":"closed","template":"","meta":[],"product_brand":[],"product_cat":[457,458,459],"product_tag":[],"class_list":{"0":"post-543859","1":"product","2":"type-product","3":"status-publish","4":"has-post-thumbnail","6":"product_cat-badezimmer","7":"product_cat-kuchen","8":"product_cat-wandfliesen","10":"first","11":"instock","12":"shipping-taxable","13":"purchasable","14":"product-type-simple"},"_links":{"self":[{"href":"https:\/\/tilefly.com\/de\/wp-json\/wp\/v2\/product\/543859","targetHints":{"allow":["GET"]}}],"collection":[{"href":"https:\/\/tilefly.com\/de\/wp-json\/wp\/v2\/product"}],"about":[{"href":"https:\/\/tilefly.com\/de\/wp-json\/wp\/v2\/types\/product"}],"replies":[{"embeddable":true,"href":"https:\/\/tilefly.com\/de\/wp-json\/wp\/v2\/comments?post=543859"}],"wp:featuredmedia":[{"embeddable":true,"href":"https:\/\/tilefly.com\/de\/wp-json\/wp\/v2\/media\/540246"}],"wp:attachment":[{"href":"https:\/\/tilefly.com\/de\/wp-json\/wp\/v2\/media?parent=543859"}],"wp:term":[{"taxonomy":"product_brand","embeddable":true,"href":"https:\/\/tilefly.com\/de\/wp-json\/wp\/v2\/product_brand?post=543859"},{"taxonomy":"product_cat","embeddable":true,"href":"https:\/\/tilefly.com\/de\/wp-json\/wp\/v2\/product_cat?post=543859"},{"taxonomy":"product_tag","embeddable":true,"href":"https:\/\/tilefly.com\/de\/wp-json\/wp\/v2\/product_tag?post=543859"}],"curies":[{"name":"wp","href":"https:\/\/api.w.org\/{rel}","templated":true}]}}