{"id":543856,"date":"2024-11-07T02:46:45","date_gmt":"2024-11-07T01:46:45","guid":{"rendered":"https:\/\/tilefly.com\/producto\/incision-acquarella-blue-20x20\/"},"modified":"2024-11-10T19:54:45","modified_gmt":"2024-11-10T18:54:45","slug":"incision-acquarella-blue-20x20","status":"publish","type":"product","link":"https:\/\/tilefly.com\/de\/produkt\/incision-acquarella-blue-20x20\/","title":{"rendered":"INCISION ACQUARELLA BLUE 20X20"},"content":{"rendered":"<h2><strong>INZISION ACQUARELLA BLAU 20X20<\/strong><\/h2><p>Incision Acquarella Blue 20&#215;20 bietet mit seinem tiefen Blauton einen ruhigen und raffinierten Stil. Das eingeschnittene Design l\u00e4sst mehrere kleine Fliesen in einem einzigen St\u00fcck erscheinen, was einen interessanten visuellen Effekt ergibt. Mit ihrer matten Oberfl\u00e4che und dem wei\u00dfen Scherben ist diese Fliese eine ausgezeichnete Wahl f\u00fcr alle, die ein ruhiges und detailliertes Ambiente suchen, ohne auf eine einfache Verlegung zu verzichten.  <\/p>","protected":false},"excerpt":{"rendered":"<p>INZISION ACQUARELLA BLAU 20X20Incision Acquarella Blue 20&#215;20 bietet mit seinem tiefen Blauton einen ruhigen und raffinierten Stil. Das eingeschnittene Design l\u00e4sst mehrere kleine Fliesen in einem einzigen St\u00fcck erscheinen, was einen interessanten visuellen Effekt ergibt. Mit ihrer matten Oberfl\u00e4che und dem wei\u00dfen Scherben ist diese Fliese eine ausgezeichnete Wahl f\u00fcr alle, die ein ruhiges und [&hellip;]<\/p>\n","protected":false},"featured_media":540220,"comment_status":"open","ping_status":"closed","template":"","meta":[],"product_brand":[],"product_cat":[457,458,459],"product_tag":[],"class_list":{"0":"post-543856","1":"product","2":"type-product","3":"status-publish","4":"has-post-thumbnail","6":"product_cat-badezimmer","7":"product_cat-kuchen","8":"product_cat-wandfliesen","10":"first","11":"instock","12":"shipping-taxable","13":"purchasable","14":"product-type-simple"},"_links":{"self":[{"href":"https:\/\/tilefly.com\/de\/wp-json\/wp\/v2\/product\/543856","targetHints":{"allow":["GET"]}}],"collection":[{"href":"https:\/\/tilefly.com\/de\/wp-json\/wp\/v2\/product"}],"about":[{"href":"https:\/\/tilefly.com\/de\/wp-json\/wp\/v2\/types\/product"}],"replies":[{"embeddable":true,"href":"https:\/\/tilefly.com\/de\/wp-json\/wp\/v2\/comments?post=543856"}],"wp:featuredmedia":[{"embeddable":true,"href":"https:\/\/tilefly.com\/de\/wp-json\/wp\/v2\/media\/540220"}],"wp:attachment":[{"href":"https:\/\/tilefly.com\/de\/wp-json\/wp\/v2\/media?parent=543856"}],"wp:term":[{"taxonomy":"product_brand","embeddable":true,"href":"https:\/\/tilefly.com\/de\/wp-json\/wp\/v2\/product_brand?post=543856"},{"taxonomy":"product_cat","embeddable":true,"href":"https:\/\/tilefly.com\/de\/wp-json\/wp\/v2\/product_cat?post=543856"},{"taxonomy":"product_tag","embeddable":true,"href":"https:\/\/tilefly.com\/de\/wp-json\/wp\/v2\/product_tag?post=543856"}],"curies":[{"name":"wp","href":"https:\/\/api.w.org\/{rel}","templated":true}]}}