{"id":543854,"date":"2024-11-07T02:46:38","date_gmt":"2024-11-07T01:46:38","guid":{"rendered":"https:\/\/tilefly.com\/producto\/incision-acquarella-grey-20x20\/"},"modified":"2024-11-10T19:54:20","modified_gmt":"2024-11-10T18:54:20","slug":"incision-acquarella-grey-20x20","status":"publish","type":"product","link":"https:\/\/tilefly.com\/de\/produkt\/incision-acquarella-grey-20x20\/","title":{"rendered":"INCISION ACQUARELLA GREY 20X20"},"content":{"rendered":"<h2><strong>INZISION ACQUARELLA GRAU 20X20<\/strong><\/h2><p>Incision Acquarella Grey 20&#215;20 mit ihrem raffinierten Grauton pr\u00e4sentiert sich als ein einziges St\u00fcck, das dank seiner zarten Einschnitte die Illusion von mehreren kleinen Fliesen vermittelt. Diese Wandfliese mit wei\u00dfem Scherben und matter Oberfl\u00e4che eignet sich perfekt f\u00fcr die Gestaltung moderner R\u00e4ume im handwerklichen Stil. Ihr vielseitiges Design passt sich jedem Einrichtungsstil an und verleiht ihm Tiefe und einen eleganten Touch.  <\/p>","protected":false},"excerpt":{"rendered":"<p>INZISION ACQUARELLA GRAU 20X20Incision Acquarella Grey 20&#215;20 mit ihrem raffinierten Grauton pr\u00e4sentiert sich als ein einziges St\u00fcck, das dank seiner zarten Einschnitte die Illusion von mehreren kleinen Fliesen vermittelt. Diese Wandfliese mit wei\u00dfem Scherben und matter Oberfl\u00e4che eignet sich perfekt f\u00fcr die Gestaltung moderner R\u00e4ume im handwerklichen Stil. Ihr vielseitiges Design passt sich jedem Einrichtungsstil [&hellip;]<\/p>\n","protected":false},"featured_media":540194,"comment_status":"open","ping_status":"closed","template":"","meta":[],"product_brand":[],"product_cat":[457,458,459],"product_tag":[],"class_list":{"0":"post-543854","1":"product","2":"type-product","3":"status-publish","4":"has-post-thumbnail","6":"product_cat-badezimmer","7":"product_cat-kuchen","8":"product_cat-wandfliesen","10":"first","11":"instock","12":"shipping-taxable","13":"purchasable","14":"product-type-simple"},"_links":{"self":[{"href":"https:\/\/tilefly.com\/de\/wp-json\/wp\/v2\/product\/543854","targetHints":{"allow":["GET"]}}],"collection":[{"href":"https:\/\/tilefly.com\/de\/wp-json\/wp\/v2\/product"}],"about":[{"href":"https:\/\/tilefly.com\/de\/wp-json\/wp\/v2\/types\/product"}],"replies":[{"embeddable":true,"href":"https:\/\/tilefly.com\/de\/wp-json\/wp\/v2\/comments?post=543854"}],"wp:featuredmedia":[{"embeddable":true,"href":"https:\/\/tilefly.com\/de\/wp-json\/wp\/v2\/media\/540194"}],"wp:attachment":[{"href":"https:\/\/tilefly.com\/de\/wp-json\/wp\/v2\/media?parent=543854"}],"wp:term":[{"taxonomy":"product_brand","embeddable":true,"href":"https:\/\/tilefly.com\/de\/wp-json\/wp\/v2\/product_brand?post=543854"},{"taxonomy":"product_cat","embeddable":true,"href":"https:\/\/tilefly.com\/de\/wp-json\/wp\/v2\/product_cat?post=543854"},{"taxonomy":"product_tag","embeddable":true,"href":"https:\/\/tilefly.com\/de\/wp-json\/wp\/v2\/product_tag?post=543854"}],"curies":[{"name":"wp","href":"https:\/\/api.w.org\/{rel}","templated":true}]}}