{"id":543851,"date":"2024-11-07T02:46:42","date_gmt":"2024-11-07T01:46:42","guid":{"rendered":"https:\/\/tilefly.com\/producto\/incision-acquarella-acqua-20x20\/"},"modified":"2024-11-10T19:54:14","modified_gmt":"2024-11-10T18:54:14","slug":"incision-acquarella-acqua-20x20","status":"publish","type":"product","link":"https:\/\/tilefly.com\/de\/produkt\/incision-acquarella-acqua-20x20\/","title":{"rendered":"INCISION ACQUARELLA ACQUA 20X20"},"content":{"rendered":"<h2><strong>ACQUARELLA ACQUA EINSCHNITT 20X20<\/strong><\/h2><p>Die Aquafarbe der Fliese Incision Acquarella Acqua 20&#215;20 sorgt f\u00fcr Frische und Gelassenheit. Das eingeschnittene Format simuliert kleinere St\u00fccke in einer einzigen Einheit. Dieses Detail verleiht dem Design Textur und Dynamik und sorgt f\u00fcr einen einzigartigen visuellen Effekt. Die wei\u00dfe Paste mit matter Oberfl\u00e4che ist ideal f\u00fcr Projekte, die Modernit\u00e4t und Tradition mit einem handwerklichen Touch verbinden m\u00f6chten.  <\/p>","protected":false},"excerpt":{"rendered":"<p>ACQUARELLA ACQUA EINSCHNITT 20X20Die Aquafarbe der Fliese Incision Acquarella Acqua 20&#215;20 sorgt f\u00fcr Frische und Gelassenheit. Das eingeschnittene Format simuliert kleinere St\u00fccke in einer einzigen Einheit. Dieses Detail verleiht dem Design Textur und Dynamik und sorgt f\u00fcr einen einzigartigen visuellen Effekt. Die wei\u00dfe Paste mit matter Oberfl\u00e4che ist ideal f\u00fcr Projekte, die Modernit\u00e4t und Tradition [&hellip;]<\/p>\n","protected":false},"featured_media":540207,"comment_status":"open","ping_status":"closed","template":"","meta":[],"product_brand":[],"product_cat":[457,458,459],"product_tag":[],"class_list":{"0":"post-543851","1":"product","2":"type-product","3":"status-publish","4":"has-post-thumbnail","6":"product_cat-badezimmer","7":"product_cat-kuchen","8":"product_cat-wandfliesen","10":"first","11":"instock","12":"shipping-taxable","13":"purchasable","14":"product-type-simple"},"_links":{"self":[{"href":"https:\/\/tilefly.com\/de\/wp-json\/wp\/v2\/product\/543851","targetHints":{"allow":["GET"]}}],"collection":[{"href":"https:\/\/tilefly.com\/de\/wp-json\/wp\/v2\/product"}],"about":[{"href":"https:\/\/tilefly.com\/de\/wp-json\/wp\/v2\/types\/product"}],"replies":[{"embeddable":true,"href":"https:\/\/tilefly.com\/de\/wp-json\/wp\/v2\/comments?post=543851"}],"wp:featuredmedia":[{"embeddable":true,"href":"https:\/\/tilefly.com\/de\/wp-json\/wp\/v2\/media\/540207"}],"wp:attachment":[{"href":"https:\/\/tilefly.com\/de\/wp-json\/wp\/v2\/media?parent=543851"}],"wp:term":[{"taxonomy":"product_brand","embeddable":true,"href":"https:\/\/tilefly.com\/de\/wp-json\/wp\/v2\/product_brand?post=543851"},{"taxonomy":"product_cat","embeddable":true,"href":"https:\/\/tilefly.com\/de\/wp-json\/wp\/v2\/product_cat?post=543851"},{"taxonomy":"product_tag","embeddable":true,"href":"https:\/\/tilefly.com\/de\/wp-json\/wp\/v2\/product_tag?post=543851"}],"curies":[{"name":"wp","href":"https:\/\/api.w.org\/{rel}","templated":true}]}}