{"id":543848,"date":"2024-11-07T02:46:35","date_gmt":"2024-11-07T01:46:35","guid":{"rendered":"https:\/\/tilefly.com\/producto\/incision-acquarella-white-20x20\/"},"modified":"2024-11-10T19:54:11","modified_gmt":"2024-11-10T18:54:11","slug":"incision-acquarella-white-20x20","status":"publish","type":"product","link":"https:\/\/tilefly.com\/de\/produkt\/incision-acquarella-white-20x20\/","title":{"rendered":"INCISION ACQUARELLA WHITE 20X20"},"content":{"rendered":"<h2><strong>INZISION ACARELLA WEISS 20X20<\/strong><\/h2><p>Die Fliese Incision Acquarella White 20&#215;20 kombiniert die Reinheit von Wei\u00df mit einem raffinierten Design von Einschnitten, die kleine Einzelst\u00fccke in einem kompletten St\u00fcck simulieren. Dieser visuelle Effekt verleiht jedem Raum Tiefe und Textur, w\u00e4hrend die Eleganz der mattwei\u00dfen Oberfl\u00e4che erhalten bleibt. Es ist ideal f\u00fcr diejenigen, die einen Hauch von Frische und Handwerkskunst in ihrem Dekor suchen, ohne dass die Installation kompliziert ist.  <\/p>","protected":false},"excerpt":{"rendered":"<p>INZISION ACARELLA WEISS 20X20Die Fliese Incision Acquarella White 20&#215;20 kombiniert die Reinheit von Wei\u00df mit einem raffinierten Design von Einschnitten, die kleine Einzelst\u00fccke in einem kompletten St\u00fcck simulieren. Dieser visuelle Effekt verleiht jedem Raum Tiefe und Textur, w\u00e4hrend die Eleganz der mattwei\u00dfen Oberfl\u00e4che erhalten bleibt. Es ist ideal f\u00fcr diejenigen, die einen Hauch von Frische [&hellip;]<\/p>\n","protected":false},"featured_media":540181,"comment_status":"open","ping_status":"closed","template":"","meta":[],"product_brand":[],"product_cat":[457,458,459],"product_tag":[],"class_list":{"0":"post-543848","1":"product","2":"type-product","3":"status-publish","4":"has-post-thumbnail","6":"product_cat-badezimmer","7":"product_cat-kuchen","8":"product_cat-wandfliesen","10":"first","11":"instock","12":"shipping-taxable","13":"purchasable","14":"product-type-simple"},"_links":{"self":[{"href":"https:\/\/tilefly.com\/de\/wp-json\/wp\/v2\/product\/543848","targetHints":{"allow":["GET"]}}],"collection":[{"href":"https:\/\/tilefly.com\/de\/wp-json\/wp\/v2\/product"}],"about":[{"href":"https:\/\/tilefly.com\/de\/wp-json\/wp\/v2\/types\/product"}],"replies":[{"embeddable":true,"href":"https:\/\/tilefly.com\/de\/wp-json\/wp\/v2\/comments?post=543848"}],"wp:featuredmedia":[{"embeddable":true,"href":"https:\/\/tilefly.com\/de\/wp-json\/wp\/v2\/media\/540181"}],"wp:attachment":[{"href":"https:\/\/tilefly.com\/de\/wp-json\/wp\/v2\/media?parent=543848"}],"wp:term":[{"taxonomy":"product_brand","embeddable":true,"href":"https:\/\/tilefly.com\/de\/wp-json\/wp\/v2\/product_brand?post=543848"},{"taxonomy":"product_cat","embeddable":true,"href":"https:\/\/tilefly.com\/de\/wp-json\/wp\/v2\/product_cat?post=543848"},{"taxonomy":"product_tag","embeddable":true,"href":"https:\/\/tilefly.com\/de\/wp-json\/wp\/v2\/product_tag?post=543848"}],"curies":[{"name":"wp","href":"https:\/\/api.w.org\/{rel}","templated":true}]}}