{"id":543843,"date":"2024-11-07T02:46:32","date_gmt":"2024-11-07T01:46:32","guid":{"rendered":"https:\/\/tilefly.com\/producto\/acquarella-rose-75x30\/"},"modified":"2024-11-10T19:53:30","modified_gmt":"2024-11-10T18:53:30","slug":"acquarella-rose-75x30","status":"publish","type":"product","link":"https:\/\/tilefly.com\/de\/produkt\/acquarella-rose-75x30\/","title":{"rendered":"ACQUARELLA ROSE 7,5X30"},"content":{"rendered":"<h2><strong>ACQUARELLA ROSE 7,5X30<\/strong><\/h2><p>Acquarella Rose 7,5&#215;30 in einem zarten Rosaton bietet einen Hauch von Zartheit und Charme. Diese Wandfliese aus wei\u00dfem Kleister mit matter Oberfl\u00e4che unterstreicht die handwerkliche \u00c4sthetik der Serie und eignet sich perfekt f\u00fcr R\u00e4ume, in denen Tradition und Moderne miteinander verschmelzen. Ihr kompaktes Format erm\u00f6glicht eine Vielzahl von Konfigurationen, ideal f\u00fcr individuelle und stilvolle R\u00e4ume.  <\/p>","protected":false},"excerpt":{"rendered":"<p>ACQUARELLA ROSE 7,5X30Acquarella Rose 7,5&#215;30 in einem zarten Rosaton bietet einen Hauch von Zartheit und Charme. Diese Wandfliese aus wei\u00dfem Kleister mit matter Oberfl\u00e4che unterstreicht die handwerkliche \u00c4sthetik der Serie und eignet sich perfekt f\u00fcr R\u00e4ume, in denen Tradition und Moderne miteinander verschmelzen. Ihr kompaktes Format erm\u00f6glicht eine Vielzahl von Konfigurationen, ideal f\u00fcr individuelle und [&hellip;]<\/p>\n","protected":false},"featured_media":540168,"comment_status":"open","ping_status":"closed","template":"","meta":[],"product_brand":[],"product_cat":[457,458,459],"product_tag":[],"class_list":{"0":"post-543843","1":"product","2":"type-product","3":"status-publish","4":"has-post-thumbnail","6":"product_cat-badezimmer","7":"product_cat-kuchen","8":"product_cat-wandfliesen","10":"first","11":"instock","12":"shipping-taxable","13":"purchasable","14":"product-type-simple"},"_links":{"self":[{"href":"https:\/\/tilefly.com\/de\/wp-json\/wp\/v2\/product\/543843","targetHints":{"allow":["GET"]}}],"collection":[{"href":"https:\/\/tilefly.com\/de\/wp-json\/wp\/v2\/product"}],"about":[{"href":"https:\/\/tilefly.com\/de\/wp-json\/wp\/v2\/types\/product"}],"replies":[{"embeddable":true,"href":"https:\/\/tilefly.com\/de\/wp-json\/wp\/v2\/comments?post=543843"}],"wp:featuredmedia":[{"embeddable":true,"href":"https:\/\/tilefly.com\/de\/wp-json\/wp\/v2\/media\/540168"}],"wp:attachment":[{"href":"https:\/\/tilefly.com\/de\/wp-json\/wp\/v2\/media?parent=543843"}],"wp:term":[{"taxonomy":"product_brand","embeddable":true,"href":"https:\/\/tilefly.com\/de\/wp-json\/wp\/v2\/product_brand?post=543843"},{"taxonomy":"product_cat","embeddable":true,"href":"https:\/\/tilefly.com\/de\/wp-json\/wp\/v2\/product_cat?post=543843"},{"taxonomy":"product_tag","embeddable":true,"href":"https:\/\/tilefly.com\/de\/wp-json\/wp\/v2\/product_tag?post=543843"}],"curies":[{"name":"wp","href":"https:\/\/api.w.org\/{rel}","templated":true}]}}