{"id":543840,"date":"2024-11-07T02:46:26","date_gmt":"2024-11-07T01:46:26","guid":{"rendered":"https:\/\/tilefly.com\/producto\/acquarella-blue-75x30\/"},"modified":"2024-11-10T19:53:27","modified_gmt":"2024-11-10T18:53:27","slug":"acquarella-blue-75x30","status":"publish","type":"product","link":"https:\/\/tilefly.com\/de\/produkt\/acquarella-blue-75x30\/","title":{"rendered":"ACQUARELLA BLUE 7,5X30"},"content":{"rendered":"<h2><strong>ACQUARELLA BLAU 7,5X30<\/strong><\/h2><p>Der Blauton von Acquarella Blue 7,5&#215;30 bringt Ruhe und Gelassenheit in jeden Raum. Sein wei\u00dfer Korpus und die matte Oberfl\u00e4che verleihen ihm einen handwerklichen und modernen Touch, ideal f\u00fcr alle, die Tradition und Moderne miteinander verbinden m\u00f6chten. Sein kleines Format erm\u00f6glicht eine Vielzahl von Platzierungen und bietet Personalisierung und Stil.  <\/p>","protected":false},"excerpt":{"rendered":"<p>ACQUARELLA BLAU 7,5X30Der Blauton von Acquarella Blue 7,5&#215;30 bringt Ruhe und Gelassenheit in jeden Raum. Sein wei\u00dfer Korpus und die matte Oberfl\u00e4che verleihen ihm einen handwerklichen und modernen Touch, ideal f\u00fcr alle, die Tradition und Moderne miteinander verbinden m\u00f6chten. Sein kleines Format erm\u00f6glicht eine Vielzahl von Platzierungen und bietet Personalisierung und Stil.<\/p>\n","protected":false},"featured_media":540142,"comment_status":"open","ping_status":"closed","template":"","meta":[],"product_brand":[],"product_cat":[457,458,459],"product_tag":[],"class_list":{"0":"post-543840","1":"product","2":"type-product","3":"status-publish","4":"has-post-thumbnail","6":"product_cat-badezimmer","7":"product_cat-kuchen","8":"product_cat-wandfliesen","10":"first","11":"outofstock","12":"shipping-taxable","13":"purchasable","14":"product-type-simple"},"_links":{"self":[{"href":"https:\/\/tilefly.com\/de\/wp-json\/wp\/v2\/product\/543840","targetHints":{"allow":["GET"]}}],"collection":[{"href":"https:\/\/tilefly.com\/de\/wp-json\/wp\/v2\/product"}],"about":[{"href":"https:\/\/tilefly.com\/de\/wp-json\/wp\/v2\/types\/product"}],"replies":[{"embeddable":true,"href":"https:\/\/tilefly.com\/de\/wp-json\/wp\/v2\/comments?post=543840"}],"wp:featuredmedia":[{"embeddable":true,"href":"https:\/\/tilefly.com\/de\/wp-json\/wp\/v2\/media\/540142"}],"wp:attachment":[{"href":"https:\/\/tilefly.com\/de\/wp-json\/wp\/v2\/media?parent=543840"}],"wp:term":[{"taxonomy":"product_brand","embeddable":true,"href":"https:\/\/tilefly.com\/de\/wp-json\/wp\/v2\/product_brand?post=543840"},{"taxonomy":"product_cat","embeddable":true,"href":"https:\/\/tilefly.com\/de\/wp-json\/wp\/v2\/product_cat?post=543840"},{"taxonomy":"product_tag","embeddable":true,"href":"https:\/\/tilefly.com\/de\/wp-json\/wp\/v2\/product_tag?post=543840"}],"curies":[{"name":"wp","href":"https:\/\/api.w.org\/{rel}","templated":true}]}}