{"id":543837,"date":"2024-11-07T02:46:29","date_gmt":"2024-11-07T01:46:29","guid":{"rendered":"https:\/\/tilefly.com\/producto\/acquarella-ivory-75x30\/"},"modified":"2024-11-10T19:53:18","modified_gmt":"2024-11-10T18:53:18","slug":"acquarella-ivory-75x30","status":"publish","type":"product","link":"https:\/\/tilefly.com\/de\/produkt\/acquarella-ivory-75x30\/","title":{"rendered":"ACQUARELLA IVORY 7,5X30"},"content":{"rendered":"<h2><strong>ACQUARELLA ELFENBEIN 7,5X30<\/strong><\/h2><p>Acquarella Ivory 7,5&#215;30 mit ihrem sanften Elfenbeinton bringt Eleganz und W\u00e4rme in jede Umgebung. Diese wei\u00dfe Fliese mit matter Oberfl\u00e4che besticht durch ihre nat\u00fcrliche Ausstrahlung und Vielseitigkeit. Sie eignet sich perfekt f\u00fcr R\u00e4ume, die einen handwerklichen Touch haben, und ihr Format erm\u00f6glicht anpassungsf\u00e4hige und individuelle dekorative Konfigurationen.  <\/p>","protected":false},"excerpt":{"rendered":"<p>ACQUARELLA ELFENBEIN 7,5X30Acquarella Ivory 7,5&#215;30 mit ihrem sanften Elfenbeinton bringt Eleganz und W\u00e4rme in jede Umgebung. Diese wei\u00dfe Fliese mit matter Oberfl\u00e4che besticht durch ihre nat\u00fcrliche Ausstrahlung und Vielseitigkeit. Sie eignet sich perfekt f\u00fcr R\u00e4ume, die einen handwerklichen Touch haben, und ihr Format erm\u00f6glicht anpassungsf\u00e4hige und individuelle dekorative Konfigurationen.<\/p>\n","protected":false},"featured_media":540155,"comment_status":"open","ping_status":"closed","template":"","meta":[],"product_brand":[],"product_cat":[457,458,459],"product_tag":[],"class_list":{"0":"post-543837","1":"product","2":"type-product","3":"status-publish","4":"has-post-thumbnail","6":"product_cat-badezimmer","7":"product_cat-kuchen","8":"product_cat-wandfliesen","10":"first","11":"instock","12":"shipping-taxable","13":"purchasable","14":"product-type-simple"},"_links":{"self":[{"href":"https:\/\/tilefly.com\/de\/wp-json\/wp\/v2\/product\/543837","targetHints":{"allow":["GET"]}}],"collection":[{"href":"https:\/\/tilefly.com\/de\/wp-json\/wp\/v2\/product"}],"about":[{"href":"https:\/\/tilefly.com\/de\/wp-json\/wp\/v2\/types\/product"}],"replies":[{"embeddable":true,"href":"https:\/\/tilefly.com\/de\/wp-json\/wp\/v2\/comments?post=543837"}],"wp:featuredmedia":[{"embeddable":true,"href":"https:\/\/tilefly.com\/de\/wp-json\/wp\/v2\/media\/540155"}],"wp:attachment":[{"href":"https:\/\/tilefly.com\/de\/wp-json\/wp\/v2\/media?parent=543837"}],"wp:term":[{"taxonomy":"product_brand","embeddable":true,"href":"https:\/\/tilefly.com\/de\/wp-json\/wp\/v2\/product_brand?post=543837"},{"taxonomy":"product_cat","embeddable":true,"href":"https:\/\/tilefly.com\/de\/wp-json\/wp\/v2\/product_cat?post=543837"},{"taxonomy":"product_tag","embeddable":true,"href":"https:\/\/tilefly.com\/de\/wp-json\/wp\/v2\/product_tag?post=543837"}],"curies":[{"name":"wp","href":"https:\/\/api.w.org\/{rel}","templated":true}]}}