{"id":543835,"date":"2024-11-07T02:46:24","date_gmt":"2024-11-07T01:46:24","guid":{"rendered":"https:\/\/tilefly.com\/producto\/acquarella-light-green-75x30\/"},"modified":"2024-11-10T19:52:53","modified_gmt":"2024-11-10T18:52:53","slug":"acquarella-light-green-75x30","status":"publish","type":"product","link":"https:\/\/tilefly.com\/de\/produkt\/acquarella-light-green-75x30\/","title":{"rendered":"ACQUARELLA LIGHT GREEN 7,5X30"},"content":{"rendered":"<h2><strong>ACQUARELLA HELLGR\u00dcN 7,5X30<\/strong><\/h2><p>Acquarella Light Green 7,5&#215;30 bringt mit seinem zarten hellgr\u00fcnen Ton einen Hauch von Frische und Nat\u00fcrlichkeit. Diese Fliese aus wei\u00dfem Scherben und mit einer matten Oberfl\u00e4che ist die perfekte Wahl, um gem\u00fctliche und einzigartige R\u00e4ume zu schaffen. Ihr vielseitiges Format bietet sich f\u00fcr Kombinationen und Muster an, die sich an verschiedene Stile und Dekorationsbed\u00fcrfnisse anpassen lassen.  <\/p>","protected":false},"excerpt":{"rendered":"<p>ACQUARELLA HELLGR\u00dcN 7,5X30Acquarella Light Green 7,5&#215;30 bringt mit seinem zarten hellgr\u00fcnen Ton einen Hauch von Frische und Nat\u00fcrlichkeit. Diese Fliese aus wei\u00dfem Scherben und mit einer matten Oberfl\u00e4che ist die perfekte Wahl, um gem\u00fctliche und einzigartige R\u00e4ume zu schaffen. Ihr vielseitiges Format bietet sich f\u00fcr Kombinationen und Muster an, die sich an verschiedene Stile und [&hellip;]<\/p>\n","protected":false},"featured_media":540129,"comment_status":"open","ping_status":"closed","template":"","meta":[],"product_brand":[],"product_cat":[457,458,459],"product_tag":[],"class_list":{"0":"post-543835","1":"product","2":"type-product","3":"status-publish","4":"has-post-thumbnail","6":"product_cat-badezimmer","7":"product_cat-kuchen","8":"product_cat-wandfliesen","10":"first","11":"instock","12":"shipping-taxable","13":"purchasable","14":"product-type-simple"},"_links":{"self":[{"href":"https:\/\/tilefly.com\/de\/wp-json\/wp\/v2\/product\/543835","targetHints":{"allow":["GET"]}}],"collection":[{"href":"https:\/\/tilefly.com\/de\/wp-json\/wp\/v2\/product"}],"about":[{"href":"https:\/\/tilefly.com\/de\/wp-json\/wp\/v2\/types\/product"}],"replies":[{"embeddable":true,"href":"https:\/\/tilefly.com\/de\/wp-json\/wp\/v2\/comments?post=543835"}],"wp:featuredmedia":[{"embeddable":true,"href":"https:\/\/tilefly.com\/de\/wp-json\/wp\/v2\/media\/540129"}],"wp:attachment":[{"href":"https:\/\/tilefly.com\/de\/wp-json\/wp\/v2\/media?parent=543835"}],"wp:term":[{"taxonomy":"product_brand","embeddable":true,"href":"https:\/\/tilefly.com\/de\/wp-json\/wp\/v2\/product_brand?post=543835"},{"taxonomy":"product_cat","embeddable":true,"href":"https:\/\/tilefly.com\/de\/wp-json\/wp\/v2\/product_cat?post=543835"},{"taxonomy":"product_tag","embeddable":true,"href":"https:\/\/tilefly.com\/de\/wp-json\/wp\/v2\/product_tag?post=543835"}],"curies":[{"name":"wp","href":"https:\/\/api.w.org\/{rel}","templated":true}]}}