{"id":543830,"date":"2024-11-07T02:46:15","date_gmt":"2024-11-07T01:46:15","guid":{"rendered":"https:\/\/tilefly.com\/producto\/acquarella-acqua-75x30\/"},"modified":"2024-11-10T19:52:46","modified_gmt":"2024-11-10T18:52:46","slug":"acquarella-acqua-75x30","status":"publish","type":"product","link":"https:\/\/tilefly.com\/de\/produkt\/acquarella-acqua-75x30\/","title":{"rendered":"ACQUARELLA ACQUA 7,5X30"},"content":{"rendered":"<h2><strong>ACQUARELLA ACQUA 7,5X30<\/strong><\/h2><p>Acquarella Acqua 7,5&#215;30 besticht durch seine Aquafarbe, die in jeder Ecke Frische und Gelassenheit hervorruft. Diese Wandfliese aus wei\u00dfer Paste und mit matter Oberfl\u00e4che unterstreicht die handwerkliche \u00c4sthetik der Serie. Ihr kleines Format erm\u00f6glicht eine individuelle Verlegung und passt sich jedem Einrichtungsstil an, der Tradition und Moderne verbinden m\u00f6chte.  <\/p>","protected":false},"excerpt":{"rendered":"<p>ACQUARELLA ACQUA 7,5X30Acquarella Acqua 7,5&#215;30 besticht durch seine Aquafarbe, die in jeder Ecke Frische und Gelassenheit hervorruft. Diese Wandfliese aus wei\u00dfer Paste und mit matter Oberfl\u00e4che unterstreicht die handwerkliche \u00c4sthetik der Serie. Ihr kleines Format erm\u00f6glicht eine individuelle Verlegung und passt sich jedem Einrichtungsstil an, der Tradition und Moderne verbinden m\u00f6chte.<\/p>\n","protected":false},"featured_media":540090,"comment_status":"open","ping_status":"closed","template":"","meta":[],"product_brand":[],"product_cat":[457,458,459],"product_tag":[],"class_list":{"0":"post-543830","1":"product","2":"type-product","3":"status-publish","4":"has-post-thumbnail","6":"product_cat-badezimmer","7":"product_cat-kuchen","8":"product_cat-wandfliesen","10":"first","11":"instock","12":"shipping-taxable","13":"purchasable","14":"product-type-simple"},"_links":{"self":[{"href":"https:\/\/tilefly.com\/de\/wp-json\/wp\/v2\/product\/543830","targetHints":{"allow":["GET"]}}],"collection":[{"href":"https:\/\/tilefly.com\/de\/wp-json\/wp\/v2\/product"}],"about":[{"href":"https:\/\/tilefly.com\/de\/wp-json\/wp\/v2\/types\/product"}],"replies":[{"embeddable":true,"href":"https:\/\/tilefly.com\/de\/wp-json\/wp\/v2\/comments?post=543830"}],"wp:featuredmedia":[{"embeddable":true,"href":"https:\/\/tilefly.com\/de\/wp-json\/wp\/v2\/media\/540090"}],"wp:attachment":[{"href":"https:\/\/tilefly.com\/de\/wp-json\/wp\/v2\/media?parent=543830"}],"wp:term":[{"taxonomy":"product_brand","embeddable":true,"href":"https:\/\/tilefly.com\/de\/wp-json\/wp\/v2\/product_brand?post=543830"},{"taxonomy":"product_cat","embeddable":true,"href":"https:\/\/tilefly.com\/de\/wp-json\/wp\/v2\/product_cat?post=543830"},{"taxonomy":"product_tag","embeddable":true,"href":"https:\/\/tilefly.com\/de\/wp-json\/wp\/v2\/product_tag?post=543830"}],"curies":[{"name":"wp","href":"https:\/\/api.w.org\/{rel}","templated":true}]}}