{"id":543829,"date":"2024-11-07T02:46:20","date_gmt":"2024-11-07T01:46:20","guid":{"rendered":"https:\/\/tilefly.com\/producto\/acquarella-graphite-75x30\/"},"modified":"2024-11-10T19:52:43","modified_gmt":"2024-11-10T18:52:43","slug":"acquarella-graphite-75x30","status":"publish","type":"product","link":"https:\/\/tilefly.com\/de\/produkt\/acquarella-graphite-75x30\/","title":{"rendered":"ACQUARELLA GRAPHITE 7,5X30"},"content":{"rendered":"<h2><strong>ACQUARELLA GRAPHIT 7,5X30<\/strong><\/h2><p>Die Fliese Acquarella Graphite 7,5&#215;30 verleiht mit ihrem tiefen Graphitton ein k\u00fchnes, modernes Gef\u00fchl. Ihre matte Oberfl\u00e4che und die handgefertigte Textur sorgen f\u00fcr ein perfektes Gleichgewicht zwischen Tradition und Modernit\u00e4t. Diese wei\u00dfscherbige Wandfliese ist ideal f\u00fcr alle, die ihren R\u00e4umen einen besonderen Touch verleihen und sich an jeden Einrichtungsstil anpassen m\u00f6chten.  <\/p>","protected":false},"excerpt":{"rendered":"<p>ACQUARELLA GRAPHIT 7,5X30Die Fliese Acquarella Graphite 7,5&#215;30 verleiht mit ihrem tiefen Graphitton ein k\u00fchnes, modernes Gef\u00fchl. Ihre matte Oberfl\u00e4che und die handgefertigte Textur sorgen f\u00fcr ein perfektes Gleichgewicht zwischen Tradition und Modernit\u00e4t. Diese wei\u00dfscherbige Wandfliese ist ideal f\u00fcr alle, die ihren R\u00e4umen einen besonderen Touch verleihen und sich an jeden Einrichtungsstil anpassen m\u00f6chten.<\/p>\n","protected":false},"featured_media":540116,"comment_status":"open","ping_status":"closed","template":"","meta":[],"product_brand":[],"product_cat":[457,458,459],"product_tag":[],"class_list":{"0":"post-543829","1":"product","2":"type-product","3":"status-publish","4":"has-post-thumbnail","6":"product_cat-badezimmer","7":"product_cat-kuchen","8":"product_cat-wandfliesen","10":"first","11":"instock","12":"shipping-taxable","13":"purchasable","14":"product-type-simple"},"_links":{"self":[{"href":"https:\/\/tilefly.com\/de\/wp-json\/wp\/v2\/product\/543829","targetHints":{"allow":["GET"]}}],"collection":[{"href":"https:\/\/tilefly.com\/de\/wp-json\/wp\/v2\/product"}],"about":[{"href":"https:\/\/tilefly.com\/de\/wp-json\/wp\/v2\/types\/product"}],"replies":[{"embeddable":true,"href":"https:\/\/tilefly.com\/de\/wp-json\/wp\/v2\/comments?post=543829"}],"wp:featuredmedia":[{"embeddable":true,"href":"https:\/\/tilefly.com\/de\/wp-json\/wp\/v2\/media\/540116"}],"wp:attachment":[{"href":"https:\/\/tilefly.com\/de\/wp-json\/wp\/v2\/media?parent=543829"}],"wp:term":[{"taxonomy":"product_brand","embeddable":true,"href":"https:\/\/tilefly.com\/de\/wp-json\/wp\/v2\/product_brand?post=543829"},{"taxonomy":"product_cat","embeddable":true,"href":"https:\/\/tilefly.com\/de\/wp-json\/wp\/v2\/product_cat?post=543829"},{"taxonomy":"product_tag","embeddable":true,"href":"https:\/\/tilefly.com\/de\/wp-json\/wp\/v2\/product_tag?post=543829"}],"curies":[{"name":"wp","href":"https:\/\/api.w.org\/{rel}","templated":true}]}}