{"id":543827,"date":"2024-11-07T02:36:23","date_gmt":"2024-11-07T01:36:23","guid":{"rendered":"https:\/\/tilefly.com\/producto\/acquarella-white-75x30\/"},"modified":"2024-11-10T19:52:40","modified_gmt":"2024-11-10T18:52:40","slug":"acquarella-white-75x30","status":"publish","type":"product","link":"https:\/\/tilefly.com\/de\/produkt\/acquarella-white-75x30\/","title":{"rendered":"ACQUARELLA WHITE 7,5X30"},"content":{"rendered":"<h2><strong>ACQUARELLA WEISS 7,5X30<\/strong><\/h2><p>Die Fliese Acquarella White 7,5&#215;30 kombiniert die Reinheit der Farbe Wei\u00df mit der W\u00e4rme der wei\u00dfscherbigen Keramik. Ihre matte Oberfl\u00e4che unterstreicht die nat\u00fcrliche Textur der Serie, die eine Hommage an die handwerkliche Tradition darstellt. Perfekt f\u00fcr alle, die einen zeitgen\u00f6ssischen Touch in ihren Projekten suchen. Das kompakte Format erm\u00f6glicht zahlreiche Konfigurationen und bietet Vielseitigkeit und Eleganz in jedem Raum.  <\/p>","protected":false},"excerpt":{"rendered":"<p>ACQUARELLA WEISS 7,5X30Die Fliese Acquarella White 7,5&#215;30 kombiniert die Reinheit der Farbe Wei\u00df mit der W\u00e4rme der wei\u00dfscherbigen Keramik. Ihre matte Oberfl\u00e4che unterstreicht die nat\u00fcrliche Textur der Serie, die eine Hommage an die handwerkliche Tradition darstellt. Perfekt f\u00fcr alle, die einen zeitgen\u00f6ssischen Touch in ihren Projekten suchen. Das kompakte Format erm\u00f6glicht zahlreiche Konfigurationen und bietet [&hellip;]<\/p>\n","protected":false},"featured_media":540077,"comment_status":"open","ping_status":"closed","template":"","meta":[],"product_brand":[],"product_cat":[457,458,459],"product_tag":[],"class_list":{"0":"post-543827","1":"product","2":"type-product","3":"status-publish","4":"has-post-thumbnail","6":"product_cat-badezimmer","7":"product_cat-kuchen","8":"product_cat-wandfliesen","10":"first","11":"instock","12":"shipping-taxable","13":"purchasable","14":"product-type-simple"},"_links":{"self":[{"href":"https:\/\/tilefly.com\/de\/wp-json\/wp\/v2\/product\/543827","targetHints":{"allow":["GET"]}}],"collection":[{"href":"https:\/\/tilefly.com\/de\/wp-json\/wp\/v2\/product"}],"about":[{"href":"https:\/\/tilefly.com\/de\/wp-json\/wp\/v2\/types\/product"}],"replies":[{"embeddable":true,"href":"https:\/\/tilefly.com\/de\/wp-json\/wp\/v2\/comments?post=543827"}],"wp:featuredmedia":[{"embeddable":true,"href":"https:\/\/tilefly.com\/de\/wp-json\/wp\/v2\/media\/540077"}],"wp:attachment":[{"href":"https:\/\/tilefly.com\/de\/wp-json\/wp\/v2\/media?parent=543827"}],"wp:term":[{"taxonomy":"product_brand","embeddable":true,"href":"https:\/\/tilefly.com\/de\/wp-json\/wp\/v2\/product_brand?post=543827"},{"taxonomy":"product_cat","embeddable":true,"href":"https:\/\/tilefly.com\/de\/wp-json\/wp\/v2\/product_cat?post=543827"},{"taxonomy":"product_tag","embeddable":true,"href":"https:\/\/tilefly.com\/de\/wp-json\/wp\/v2\/product_tag?post=543827"}],"curies":[{"name":"wp","href":"https:\/\/api.w.org\/{rel}","templated":true}]}}