{"id":543674,"date":"2024-11-08T15:04:40","date_gmt":"2024-11-08T14:04:40","guid":{"rendered":"https:\/\/tilefly.com\/producto\/cups-terracota-5x20\/"},"modified":"2024-11-10T19:48:45","modified_gmt":"2024-11-10T18:48:45","slug":"cups-terracota-5x20","status":"publish","type":"product","link":"https:\/\/tilefly.com\/de\/produkt\/cups-terracota-5x20\/","title":{"rendered":"CUPS TERRACOTA 5X20"},"content":{"rendered":"<h2><strong>TERRAKOTTA TASSEN 5X20<\/strong><\/h2><p>Dieser dreidimensionale Wandbelag in einem warmen Erdton ist perfekt, um gem\u00fctliche und lebendige R\u00e4ume zu schaffen. Die gepr\u00e4gte Textur sorgt f\u00fcr Bewegung und Tiefe und vermittelt ein nat\u00fcrliches, rustikales Gef\u00fchl. <\/p>","protected":false},"excerpt":{"rendered":"<p>TERRAKOTTA TASSEN 5X20Dieser dreidimensionale Wandbelag in einem warmen Erdton ist perfekt, um gem\u00fctliche und lebendige R\u00e4ume zu schaffen. Die gepr\u00e4gte Textur sorgt f\u00fcr Bewegung und Tiefe und vermittelt ein nat\u00fcrliches, rustikales Gef\u00fchl.<\/p>\n","protected":false},"featured_media":541325,"comment_status":"open","ping_status":"closed","template":"","meta":[],"product_brand":[],"product_cat":[457,458,459],"product_tag":[],"class_list":{"0":"post-543674","1":"product","2":"type-product","3":"status-publish","4":"has-post-thumbnail","6":"product_cat-badezimmer","7":"product_cat-kuchen","8":"product_cat-wandfliesen","10":"first","11":"instock","12":"shipping-taxable","13":"purchasable","14":"product-type-simple"},"_links":{"self":[{"href":"https:\/\/tilefly.com\/de\/wp-json\/wp\/v2\/product\/543674","targetHints":{"allow":["GET"]}}],"collection":[{"href":"https:\/\/tilefly.com\/de\/wp-json\/wp\/v2\/product"}],"about":[{"href":"https:\/\/tilefly.com\/de\/wp-json\/wp\/v2\/types\/product"}],"replies":[{"embeddable":true,"href":"https:\/\/tilefly.com\/de\/wp-json\/wp\/v2\/comments?post=543674"}],"wp:featuredmedia":[{"embeddable":true,"href":"https:\/\/tilefly.com\/de\/wp-json\/wp\/v2\/media\/541325"}],"wp:attachment":[{"href":"https:\/\/tilefly.com\/de\/wp-json\/wp\/v2\/media?parent=543674"}],"wp:term":[{"taxonomy":"product_brand","embeddable":true,"href":"https:\/\/tilefly.com\/de\/wp-json\/wp\/v2\/product_brand?post=543674"},{"taxonomy":"product_cat","embeddable":true,"href":"https:\/\/tilefly.com\/de\/wp-json\/wp\/v2\/product_cat?post=543674"},{"taxonomy":"product_tag","embeddable":true,"href":"https:\/\/tilefly.com\/de\/wp-json\/wp\/v2\/product_tag?post=543674"}],"curies":[{"name":"wp","href":"https:\/\/api.w.org\/{rel}","templated":true}]}}