{"id":543638,"date":"2024-11-08T14:30:33","date_gmt":"2024-11-08T13:30:33","guid":{"rendered":"https:\/\/tilefly.com\/producto\/flat-terracota-5x20\/"},"modified":"2024-11-10T19:48:11","modified_gmt":"2024-11-10T18:48:11","slug":"flat-terracota-5x20","status":"publish","type":"product","link":"https:\/\/tilefly.com\/de\/produkt\/flat-terracota-5x20\/","title":{"rendered":"FLAT TERRACOTA 5X20"},"content":{"rendered":"<h2><strong>FLACH TERRACOTTA 5X20<\/strong><\/h2><p>Mit ihrer erdigen Farbe und der flachen Oberfl\u00e4che ist diese Verkleidung eine einfache und nat\u00fcrliche Option. Ideal f\u00fcr diejenigen, die eine rustikale und gem\u00fctliche \u00c4sthetik suchen, ohne dabei auf Eleganz zu verzichten. <\/p>","protected":false},"excerpt":{"rendered":"<p>FLACH TERRACOTTA 5X20Mit ihrer erdigen Farbe und der flachen Oberfl\u00e4che ist diese Verkleidung eine einfache und nat\u00fcrliche Option. Ideal f\u00fcr diejenigen, die eine rustikale und gem\u00fctliche \u00c4sthetik suchen, ohne dabei auf Eleganz zu verzichten.<\/p>\n","protected":false},"featured_media":541181,"comment_status":"open","ping_status":"closed","template":"","meta":[],"product_brand":[],"product_cat":[457,458,459],"product_tag":[],"class_list":{"0":"post-543638","1":"product","2":"type-product","3":"status-publish","4":"has-post-thumbnail","6":"product_cat-badezimmer","7":"product_cat-kuchen","8":"product_cat-wandfliesen","10":"first","11":"instock","12":"shipping-taxable","13":"purchasable","14":"product-type-simple"},"_links":{"self":[{"href":"https:\/\/tilefly.com\/de\/wp-json\/wp\/v2\/product\/543638","targetHints":{"allow":["GET"]}}],"collection":[{"href":"https:\/\/tilefly.com\/de\/wp-json\/wp\/v2\/product"}],"about":[{"href":"https:\/\/tilefly.com\/de\/wp-json\/wp\/v2\/types\/product"}],"replies":[{"embeddable":true,"href":"https:\/\/tilefly.com\/de\/wp-json\/wp\/v2\/comments?post=543638"}],"wp:featuredmedia":[{"embeddable":true,"href":"https:\/\/tilefly.com\/de\/wp-json\/wp\/v2\/media\/541181"}],"wp:attachment":[{"href":"https:\/\/tilefly.com\/de\/wp-json\/wp\/v2\/media?parent=543638"}],"wp:term":[{"taxonomy":"product_brand","embeddable":true,"href":"https:\/\/tilefly.com\/de\/wp-json\/wp\/v2\/product_brand?post=543638"},{"taxonomy":"product_cat","embeddable":true,"href":"https:\/\/tilefly.com\/de\/wp-json\/wp\/v2\/product_cat?post=543638"},{"taxonomy":"product_tag","embeddable":true,"href":"https:\/\/tilefly.com\/de\/wp-json\/wp\/v2\/product_tag?post=543638"}],"curies":[{"name":"wp","href":"https:\/\/api.w.org\/{rel}","templated":true}]}}