{"id":543633,"date":"2024-11-08T14:30:28","date_gmt":"2024-11-08T13:30:28","guid":{"rendered":"https:\/\/tilefly.com\/producto\/three-d-terracota-5x20\/"},"modified":"2024-11-10T19:47:57","modified_gmt":"2024-11-10T18:47:57","slug":"three-d-terracota-5x20","status":"publish","type":"product","link":"https:\/\/tilefly.com\/de\/produkt\/three-d-terracota-5x20\/","title":{"rendered":"THREE-D TERRACOTA 5X20"},"content":{"rendered":"<h2><strong>DREIDIMENSIONALES TERRAKOTTA 5X20<\/strong><\/h2><p>Dieser erdfarbene Wandbelag kombiniert W\u00e4rme und Modernit\u00e4t. Sein dreidimensionales Design bringt Bewegung und Charakter mit sich und macht ihn zur perfekten Wahl f\u00fcr R\u00e4ume, die eine organische und nat\u00fcrliche Verbindung suchen. <\/p>","protected":false},"excerpt":{"rendered":"<p>DREIDIMENSIONALES TERRAKOTTA 5X20Dieser erdfarbene Wandbelag kombiniert W\u00e4rme und Modernit\u00e4t. Sein dreidimensionales Design bringt Bewegung und Charakter mit sich und macht ihn zur perfekten Wahl f\u00fcr R\u00e4ume, die eine organische und nat\u00fcrliche Verbindung suchen.<\/p>\n","protected":false},"featured_media":541168,"comment_status":"open","ping_status":"closed","template":"","meta":[],"product_brand":[],"product_cat":[457,458,459],"product_tag":[],"class_list":{"0":"post-543633","1":"product","2":"type-product","3":"status-publish","4":"has-post-thumbnail","6":"product_cat-badezimmer","7":"product_cat-kuchen","8":"product_cat-wandfliesen","10":"first","11":"instock","12":"shipping-taxable","13":"purchasable","14":"product-type-simple"},"_links":{"self":[{"href":"https:\/\/tilefly.com\/de\/wp-json\/wp\/v2\/product\/543633","targetHints":{"allow":["GET"]}}],"collection":[{"href":"https:\/\/tilefly.com\/de\/wp-json\/wp\/v2\/product"}],"about":[{"href":"https:\/\/tilefly.com\/de\/wp-json\/wp\/v2\/types\/product"}],"replies":[{"embeddable":true,"href":"https:\/\/tilefly.com\/de\/wp-json\/wp\/v2\/comments?post=543633"}],"wp:featuredmedia":[{"embeddable":true,"href":"https:\/\/tilefly.com\/de\/wp-json\/wp\/v2\/media\/541168"}],"wp:attachment":[{"href":"https:\/\/tilefly.com\/de\/wp-json\/wp\/v2\/media?parent=543633"}],"wp:term":[{"taxonomy":"product_brand","embeddable":true,"href":"https:\/\/tilefly.com\/de\/wp-json\/wp\/v2\/product_brand?post=543633"},{"taxonomy":"product_cat","embeddable":true,"href":"https:\/\/tilefly.com\/de\/wp-json\/wp\/v2\/product_cat?post=543633"},{"taxonomy":"product_tag","embeddable":true,"href":"https:\/\/tilefly.com\/de\/wp-json\/wp\/v2\/product_tag?post=543633"}],"curies":[{"name":"wp","href":"https:\/\/api.w.org\/{rel}","templated":true}]}}