{"id":543627,"date":"2024-11-08T14:30:24","date_gmt":"2024-11-08T13:30:24","guid":{"rendered":"https:\/\/tilefly.com\/producto\/flat-palladium-5x20\/"},"modified":"2024-11-10T19:47:41","modified_gmt":"2024-11-10T18:47:41","slug":"flat-palladium-5x20","status":"publish","type":"product","link":"https:\/\/tilefly.com\/de\/produkt\/flat-palladium-5x20\/","title":{"rendered":"FLAT PALLADIUM 5X20"},"content":{"rendered":"<h2><strong>PALLADIUM FLACH 5X20<\/strong><\/h2><p>Mit ihrem gr\u00e4ulichen Farbton ist diese flache Oberfl\u00e4chenverkleidung eine moderne und diskrete Wahl. Sie ist ideal f\u00fcr die Kombination mit gepr\u00e4gten Texturen und bietet eine saubere und elegante \u00c4sthetik. <\/p>","protected":false},"excerpt":{"rendered":"<p>PALLADIUM FLACH 5X20Mit ihrem gr\u00e4ulichen Farbton ist diese flache Oberfl\u00e4chenverkleidung eine moderne und diskrete Wahl. Sie ist ideal f\u00fcr die Kombination mit gepr\u00e4gten Texturen und bietet eine saubere und elegante \u00c4sthetik.<\/p>\n","protected":false},"featured_media":541143,"comment_status":"open","ping_status":"closed","template":"","meta":[],"product_brand":[],"product_cat":[457,458,459],"product_tag":[],"class_list":{"0":"post-543627","1":"product","2":"type-product","3":"status-publish","4":"has-post-thumbnail","6":"product_cat-badezimmer","7":"product_cat-kuchen","8":"product_cat-wandfliesen","10":"first","11":"instock","12":"shipping-taxable","13":"purchasable","14":"product-type-simple"},"_links":{"self":[{"href":"https:\/\/tilefly.com\/de\/wp-json\/wp\/v2\/product\/543627","targetHints":{"allow":["GET"]}}],"collection":[{"href":"https:\/\/tilefly.com\/de\/wp-json\/wp\/v2\/product"}],"about":[{"href":"https:\/\/tilefly.com\/de\/wp-json\/wp\/v2\/types\/product"}],"replies":[{"embeddable":true,"href":"https:\/\/tilefly.com\/de\/wp-json\/wp\/v2\/comments?post=543627"}],"wp:featuredmedia":[{"embeddable":true,"href":"https:\/\/tilefly.com\/de\/wp-json\/wp\/v2\/media\/541143"}],"wp:attachment":[{"href":"https:\/\/tilefly.com\/de\/wp-json\/wp\/v2\/media?parent=543627"}],"wp:term":[{"taxonomy":"product_brand","embeddable":true,"href":"https:\/\/tilefly.com\/de\/wp-json\/wp\/v2\/product_brand?post=543627"},{"taxonomy":"product_cat","embeddable":true,"href":"https:\/\/tilefly.com\/de\/wp-json\/wp\/v2\/product_cat?post=543627"},{"taxonomy":"product_tag","embeddable":true,"href":"https:\/\/tilefly.com\/de\/wp-json\/wp\/v2\/product_tag?post=543627"}],"curies":[{"name":"wp","href":"https:\/\/api.w.org\/{rel}","templated":true}]}}