{"id":543610,"date":"2024-11-08T14:29:39","date_gmt":"2024-11-08T13:29:39","guid":{"rendered":"https:\/\/tilefly.com\/producto\/flat-snow-5x20\/"},"modified":"2024-11-10T19:47:18","modified_gmt":"2024-11-10T18:47:18","slug":"flat-snow-5x20","status":"publish","type":"product","link":"https:\/\/tilefly.com\/de\/produkt\/flat-snow-5x20\/","title":{"rendered":"FLAT SNOW 5X20"},"content":{"rendered":"<h2><strong>FLAT SNOW 5X20<\/strong><\/h2><p>Diese schneewei\u00dfe Verkleidung bietet eine ebene Oberfl\u00e4che, ideal f\u00fcr alle, die Schlichtheit und Modernit\u00e4t suchen. Der helle Farbton l\u00e4sst das Licht reflektieren und verleiht dem Raum Gro\u00dfz\u00fcgigkeit und Leuchtkraft, ideal f\u00fcr minimalistische Umgebungen. <\/p>","protected":false},"excerpt":{"rendered":"<p>FLAT SNOW 5X20Diese schneewei\u00dfe Verkleidung bietet eine ebene Oberfl\u00e4che, ideal f\u00fcr alle, die Schlichtheit und Modernit\u00e4t suchen. Der helle Farbton l\u00e4sst das Licht reflektieren und verleiht dem Raum Gro\u00dfz\u00fcgigkeit und Leuchtkraft, ideal f\u00fcr minimalistische Umgebungen.<\/p>\n","protected":false},"featured_media":541059,"comment_status":"open","ping_status":"closed","template":"","meta":[],"product_brand":[],"product_cat":[457,458,459],"product_tag":[],"class_list":{"0":"post-543610","1":"product","2":"type-product","3":"status-publish","4":"has-post-thumbnail","6":"product_cat-badezimmer","7":"product_cat-kuchen","8":"product_cat-wandfliesen","10":"first","11":"instock","12":"shipping-taxable","13":"purchasable","14":"product-type-simple"},"_links":{"self":[{"href":"https:\/\/tilefly.com\/de\/wp-json\/wp\/v2\/product\/543610","targetHints":{"allow":["GET"]}}],"collection":[{"href":"https:\/\/tilefly.com\/de\/wp-json\/wp\/v2\/product"}],"about":[{"href":"https:\/\/tilefly.com\/de\/wp-json\/wp\/v2\/types\/product"}],"replies":[{"embeddable":true,"href":"https:\/\/tilefly.com\/de\/wp-json\/wp\/v2\/comments?post=543610"}],"wp:featuredmedia":[{"embeddable":true,"href":"https:\/\/tilefly.com\/de\/wp-json\/wp\/v2\/media\/541059"}],"wp:attachment":[{"href":"https:\/\/tilefly.com\/de\/wp-json\/wp\/v2\/media?parent=543610"}],"wp:term":[{"taxonomy":"product_brand","embeddable":true,"href":"https:\/\/tilefly.com\/de\/wp-json\/wp\/v2\/product_brand?post=543610"},{"taxonomy":"product_cat","embeddable":true,"href":"https:\/\/tilefly.com\/de\/wp-json\/wp\/v2\/product_cat?post=543610"},{"taxonomy":"product_tag","embeddable":true,"href":"https:\/\/tilefly.com\/de\/wp-json\/wp\/v2\/product_tag?post=543610"}],"curies":[{"name":"wp","href":"https:\/\/api.w.org\/{rel}","templated":true}]}}