{"id":543567,"date":"2024-11-08T13:39:29","date_gmt":"2024-11-08T12:39:29","guid":{"rendered":"https:\/\/tilefly.com\/producto\/colorful-tide-rect-30x90\/"},"modified":"2024-11-10T19:46:26","modified_gmt":"2024-11-10T18:46:26","slug":"colorful-tide-rect-30x90","status":"publish","type":"product","link":"https:\/\/tilefly.com\/de\/produkt\/colorful-tide-rect-30x90\/","title":{"rendered":"COLORFUL TIDE RECT 30X90"},"content":{"rendered":"<h2><strong>BUNTE FLUT RECT 30X90<\/strong><\/h2><p>Dieser Wandbelag in einem sanften Grauton ist die perfekte Wahl f\u00fcr alle, die eine Balance zwischen Klassik und Moderne suchen. Seine matte Oberfl\u00e4che verleiht ihm einen Hauch von Subtilit\u00e4t und Raffinesse. <\/p>","protected":false},"excerpt":{"rendered":"<p>BUNTE FLUT RECT 30X90Dieser Wandbelag in einem sanften Grauton ist die perfekte Wahl f\u00fcr alle, die eine Balance zwischen Klassik und Moderne suchen. Seine matte Oberfl\u00e4che verleiht ihm einen Hauch von Subtilit\u00e4t und Raffinesse.<\/p>\n","protected":false},"featured_media":540819,"comment_status":"open","ping_status":"closed","template":"","meta":[],"product_brand":[],"product_cat":[457,458,459],"product_tag":[],"class_list":{"0":"post-543567","1":"product","2":"type-product","3":"status-publish","4":"has-post-thumbnail","6":"product_cat-badezimmer","7":"product_cat-kuchen","8":"product_cat-wandfliesen","10":"first","11":"instock","12":"shipping-taxable","13":"purchasable","14":"product-type-simple"},"_links":{"self":[{"href":"https:\/\/tilefly.com\/de\/wp-json\/wp\/v2\/product\/543567","targetHints":{"allow":["GET"]}}],"collection":[{"href":"https:\/\/tilefly.com\/de\/wp-json\/wp\/v2\/product"}],"about":[{"href":"https:\/\/tilefly.com\/de\/wp-json\/wp\/v2\/types\/product"}],"replies":[{"embeddable":true,"href":"https:\/\/tilefly.com\/de\/wp-json\/wp\/v2\/comments?post=543567"}],"wp:featuredmedia":[{"embeddable":true,"href":"https:\/\/tilefly.com\/de\/wp-json\/wp\/v2\/media\/540819"}],"wp:attachment":[{"href":"https:\/\/tilefly.com\/de\/wp-json\/wp\/v2\/media?parent=543567"}],"wp:term":[{"taxonomy":"product_brand","embeddable":true,"href":"https:\/\/tilefly.com\/de\/wp-json\/wp\/v2\/product_brand?post=543567"},{"taxonomy":"product_cat","embeddable":true,"href":"https:\/\/tilefly.com\/de\/wp-json\/wp\/v2\/product_cat?post=543567"},{"taxonomy":"product_tag","embeddable":true,"href":"https:\/\/tilefly.com\/de\/wp-json\/wp\/v2\/product_tag?post=543567"}],"curies":[{"name":"wp","href":"https:\/\/api.w.org\/{rel}","templated":true}]}}